{"id":1828,"date":"2022-07-17T16:23:15","date_gmt":"2022-07-17T23:23:15","guid":{"rendered":"https:\/\/32dd069598.nxcli.io\/contato\/"},"modified":"2024-06-19T06:48:30","modified_gmt":"2024-06-19T13:48:30","slug":"contato","status":"publish","type":"page","link":"https:\/\/www.ethosvirtual.com\/pt-br\/contato\/","title":{"rendered":"Contato"},"content":{"rendered":"<div id='layer_slider_1'  class='avia-layerslider main_color avia-shadow  avia-builder-el-0  el_before_av_section  avia-builder-el-first  container_wrap sidebar_right'  style='height: 101px;'  ><\/div>\n\n<style type=\"text\/css\" data-created_by=\"avia_inline_auto\" id=\"style-css-av-25y81-05fab32c69ec3ce879827da3679bbd8f\">\n.avia-section.av-25y81-05fab32c69ec3ce879827da3679bbd8f{\nbackground-repeat:no-repeat;\nbackground-image:url(https:\/\/www.ethosvirtual.com\/wp-content\/uploads\/2022\/07\/bg-E.png);\nbackground-position:0% 100%;\nbackground-attachment:scroll;\n}\n<\/style>\n<div id='av_section_1'  class='avia-section av-25y81-05fab32c69ec3ce879827da3679bbd8f main_color avia-section-default avia-no-border-styling  avia-builder-el-1  el_after_av_layerslider  avia-builder-el-last  avia-bg-style-scroll container_wrap sidebar_right'  data-section-bg-repeat='no-repeat'><div class='container av-section-cont-open' ><div class='template-page content  av-content-small alpha units'><div class='post-entry post-entry-type-page post-entry-1828'><div class='entry-content-wrapper clearfix'>\n\n<style type=\"text\/css\" data-created_by=\"avia_inline_auto\" id=\"style-css-av-l6c96idq-56edcd3c85d885d64e1bf3a9e4b079aa\">\n#top .av-special-heading.av-l6c96idq-56edcd3c85d885d64e1bf3a9e4b079aa{\npadding-bottom:0;\n}\nbody .av-special-heading.av-l6c96idq-56edcd3c85d885d64e1bf3a9e4b079aa .av-special-heading-tag .heading-char{\nfont-size:25px;\n}\n.av-special-heading.av-l6c96idq-56edcd3c85d885d64e1bf3a9e4b079aa .av-subheading{\nfont-size:15px;\n}\n<\/style>\n<div  class='av-special-heading av-l6c96idq-56edcd3c85d885d64e1bf3a9e4b079aa av-special-heading-h1 blockquote modern-quote  avia-builder-el-2  el_before_av_hr  avia-builder-el-first '><h1 class='av-special-heading-tag '  itemprop=\"headline\"  >Contato<\/h1><div class='av-subheading av-subheading_below'><p>Somos uma empresa internacional com escrit\u00f3rios no Brasil e Canad\u00e1<\/p>\n<\/div><div class=\"special-heading-border\"><div class=\"special-heading-inner-border\"><\/div><\/div><\/div>\n\n<style type=\"text\/css\" data-created_by=\"avia_inline_auto\" id=\"style-css-av-lad6pfci-f6a8f75c9161d8aa50556aa8fb14d522\">\n#top .hr.hr-invisible.av-lad6pfci-f6a8f75c9161d8aa50556aa8fb14d522{\nheight:50px;\n}\n<\/style>\n<div  class='hr av-lad6pfci-f6a8f75c9161d8aa50556aa8fb14d522 hr-invisible  avia-builder-el-3  el_after_av_heading  el_before_av_one_half '><span class='hr-inner '><span class=\"hr-inner-style\"><\/span><\/span><\/div>\n<div  class='flex_column av-fltz5-ecf907f5a3ad9e13ce759413813b9f3f av_one_half  avia-builder-el-4  el_after_av_hr  el_before_av_one_half  first flex_column_div  '     ><section  class='av_textblock_section av-l6c9a09e-7260334a7859ecbb89f16dbde166d865 '   itemscope=\"itemscope\" itemtype=\"https:\/\/schema.org\/CreativeWork\" ><div class='avia_textblock'  itemprop=\"text\" ><h2><strong>Canada<\/strong><\/h2>\n<p><strong>Kelowna<\/strong><br \/>\nLandmark 3, #335 &#8211; 1632 Dickson Ave,<br \/>\nKelowna, BC V1Y 7T2, Canada<\/p>\n<h2><strong>Brazil<\/strong><\/h2>\n<p><strong>S\u00e3o Jo\u00e3o Del Rei<br \/>\n<\/strong>Travessa Lopes Bahia, 78\/202<br \/>\nS\u00e3o Jo\u00e3o Del Rei, MG, Brazil<br \/>\n(31) 2117-5445<\/p>\n<p><strong>Belo Horizonte<\/strong><br \/>\nEdificio Global Tower<br \/>\nRua Queluzita, 34\/908<br \/>\nBelo Horizonte, MG, Brasil<br \/>\n(31) 2117-5445<\/p>\n<\/div><\/section><\/div><div  class='flex_column av-9gxtd-eaa9b4f805901f8a7499230ac54bff34 av_one_half  avia-builder-el-6  el_after_av_one_half  avia-builder-el-last  flex_column_div  '     ><form action=\"https:\/\/www.ethosvirtual.com\/pt-br\/contato\/\" method=\"post\" data-fields-with-error=\"Found errors in the following field(s):\" class=\"avia_ajax_form av-form-labels-visible   avia-builder-el-7  avia-builder-el-no-sibling   \" data-avia-form-id=\"1\" data-avia-redirect='' ><h3 class=''>Entrar em contato<\/h3><fieldset><p class='  first_form  form_element form_fullwidth' id='element_avia_1_1'><label for=\"avia_1_1\">Nome <abbr class=\"required\" title=\"required\">*<\/abbr><\/label> <input name=\"avia_1_1\" class=\"text_input is_empty\" type=\"text\" id=\"avia_1_1\" value=\"\" \/><\/p><p class='  first_form  form_element form_fullwidth' id='element_avia_2_1'><label for=\"avia_2_1\">E-Mail <abbr class=\"required\" title=\"required\">*<\/abbr><\/label> <input name=\"avia_2_1\" class=\"text_input is_email\" type=\"text\" id=\"avia_2_1\" value=\"\" \/><\/p><p class='  first_form  form_element form_fullwidth' id='element_avia_3_1'><label for=\"avia_3_1\">Assunto <abbr class=\"required\" title=\"required\">*<\/abbr><\/label> <input name=\"avia_3_1\" class=\"text_input is_empty\" type=\"text\" id=\"avia_3_1\" value=\"\" \/><\/p><p class='  first_form  form_element form_fullwidth' id='element_avia_4_1'><label for=\"avia_4_1\" class=\"textare_label hidden textare_label_avia_4_1\">Mensagem <abbr class=\"required\" title=\"required\">*<\/abbr><\/label><textarea  name=\"avia_4_1\" class=\"text_area is_empty\" cols=\"40\" rows=\"7\" id=\"avia_4_1\" ><\/textarea><\/p><p class='  first_form  form_element form_fullwidth av-last-visible-form-element' id='element_avia_5_1'><input  name=\"avia_5_1\" class=\"input_checkbox \" type=\"checkbox\" id=\"avia_5_1\" value=\"true\"\/><label class=\"input_checkbox_label\" for=\"avia_5_1\">Desejo receber notifica\u00e7\u00f5es sobre produtos, servi\u00e7os, condi\u00e7\u00f5es especiais e eventos promovidos pela Ethos.<\/label><\/p><p class=\"hidden\"><input type=\"text\" name=\"avia_6_1\" class=\"hidden \" id=\"avia_6_1\" value=\"\" \/><\/p><p class=\"form_element \"><input type=\"hidden\" value=\"1\" name=\"avia_generated_form1\" \/><input type=\"submit\" value=\"Enviar\" class=\"button\"  data-sending-label=\"Sending\"\/><\/p><\/fieldset><\/form><div id=\"ajaxresponse_1\" class=\"ajaxresponse ajaxresponse_1 hidden\"><\/div><\/div><\/div><\/div><\/div><!-- close content main div --><\/div><\/div><div id='after_section_1'  class='main_color av_default_container_wrap container_wrap sidebar_right'  ><div class='container av-section-cont-open' ><div class='template-page content  av-content-small alpha units'><div class='post-entry post-entry-type-page post-entry-1828'><div class='entry-content-wrapper clearfix'>\n","protected":false},"excerpt":{"rendered":"","protected":false},"author":3,"featured_media":0,"parent":0,"menu_order":100,"comment_status":"closed","ping_status":"closed","template":"","meta":{"footnotes":""},"class_list":["post-1828","page","type-page","status-publish","hentry"],"_links":{"self":[{"href":"https:\/\/www.ethosvirtual.com\/pt-br\/wp-json\/wp\/v2\/pages\/1828","targetHints":{"allow":["GET"]}}],"collection":[{"href":"https:\/\/www.ethosvirtual.com\/pt-br\/wp-json\/wp\/v2\/pages"}],"about":[{"href":"https:\/\/www.ethosvirtual.com\/pt-br\/wp-json\/wp\/v2\/types\/page"}],"author":[{"embeddable":true,"href":"https:\/\/www.ethosvirtual.com\/pt-br\/wp-json\/wp\/v2\/users\/3"}],"replies":[{"embeddable":true,"href":"https:\/\/www.ethosvirtual.com\/pt-br\/wp-json\/wp\/v2\/comments?post=1828"}],"version-history":[{"count":2,"href":"https:\/\/www.ethosvirtual.com\/pt-br\/wp-json\/wp\/v2\/pages\/1828\/revisions"}],"predecessor-version":[{"id":1833,"href":"https:\/\/www.ethosvirtual.com\/pt-br\/wp-json\/wp\/v2\/pages\/1828\/revisions\/1833"}],"wp:attachment":[{"href":"https:\/\/www.ethosvirtual.com\/pt-br\/wp-json\/wp\/v2\/media?parent=1828"}],"curies":[{"name":"wp","href":"https:\/\/api.w.org\/{rel}","templated":true}]}}