{"id":1834,"date":"2022-07-15T21:24:54","date_gmt":"2022-07-16T04:24:54","guid":{"rendered":"https:\/\/32dd069598.nxcli.io\/lar\/"},"modified":"2025-08-29T10:54:07","modified_gmt":"2025-08-29T17:54:07","slug":"lar","status":"publish","type":"page","link":"https:\/\/www.ethosvirtual.com\/pt-br\/lar\/","title":{"rendered":"In\u00edcio"},"content":{"rendered":"<div id='layer_slider_1'  class='avia-layerslider main_color avia-shadow  avia-builder-el-0  el_before_av_section  avia-builder-el-first  container_wrap sidebar_right'  style='height: 1001px;'  ><\/div>\n\n<style type=\"text\/css\" data-created_by=\"avia_inline_auto\" id=\"style-css-av-jfvv0-26ccaf0f35ea9583212db65096cc0c93\">\n.avia-section.av-jfvv0-26ccaf0f35ea9583212db65096cc0c93{\nbackground-repeat:repeat-x;\nbackground-image:url(https:\/\/www.ethosvirtual.com\/wp-content\/uploads\/2025\/06\/bg-gradient-5x4000-1.png);\nbackground-position:0% 0%;\nbackground-attachment:scroll;\n}\n#top .avia-section.av-jfvv0-26ccaf0f35ea9583212db65096cc0c93 .scroll-down-link{\ncolor:#4c4c4c;\n}\n<\/style>\n<div id='av_section_1'  class='avia-section av-jfvv0-26ccaf0f35ea9583212db65096cc0c93 main_color avia-section-default avia-no-border-styling  avia-builder-el-1  el_after_av_layerslider  el_before_av_section  avia-bg-style-scroll container_wrap sidebar_right'  data-section-bg-repeat='repeat-x'><div class=\"av-section-color-overlay-wrap\"><a href='#next-section' title='' class='scroll-down-link av-custom-scroll-down-color' aria-hidden='true' data-av_icon='\ue877' data-av_iconfont='entypo-fontello'><\/a><div class='container av-section-cont-open' ><div class='template-page content  av-content-small alpha units'><div class='post-entry post-entry-type-page post-entry-1834'><div class='entry-content-wrapper clearfix'>\n<div  class='flex_column av-huog4-d5433ff3bce884353fa7bef278d6d6bd av_two_third  avia-builder-el-2  el_before_av_one_third  avia-builder-el-first  first flex_column_div  '     ><style type=\"text\/css\" data-created_by=\"avia_inline_auto\" id=\"style-css-av-mcf6vwjt-f42c4a6d3cb0f5af3c9bf697a73ed097\">\n#top #wrap_all .iconbox.av-mcf6vwjt-f42c4a6d3cb0f5af3c9bf697a73ed097 .iconbox_content_title{\nfont-size:42px;\n}\n.iconbox.av-mcf6vwjt-f42c4a6d3cb0f5af3c9bf697a73ed097 .iconbox_content_container{\nfont-size:18px;\n}\n<\/style>\n<article  class='iconbox iconbox_left_content av-mcf6vwjt-f42c4a6d3cb0f5af3c9bf697a73ed097 av-icon-style-no-border  avia-builder-el-3  avia-builder-el-no-sibling '  itemscope=\"itemscope\" itemtype=\"https:\/\/schema.org\/CreativeWork\" ><div class=\"iconbox_icon heading-color\" aria-hidden='true' data-av_icon='\ue84f' data-av_iconfont='entypo-fontello'><\/div><div class=\"iconbox_content\"><header class=\"entry-content-header\" aria-label=\"Icon: Guia do Comprador de TI\"><h3 class='iconbox_content_title '  itemprop=\"headline\" >Guia do Comprador de TI<\/h3><\/header><div class='iconbox_content_container '  itemprop=\"text\" ><p>Descubra como tomar decis\u00f5es de TI mais inteligentes para o seu neg\u00f3cio \u2014 baixe o <strong><em data-start=\"69\" data-end=\"110\">Guia do Comprador de TI para Pequenas Empresas<\/em><\/strong> e ganhe clareza antes do seu pr\u00f3ximo investimento em tecnologia.<\/p>\n<\/div><\/div><footer class=\"entry-footer\"><\/footer><\/article><\/div><div  class='flex_column av-7ubgc-b498546fc6fc3ff4d4ac844e2721a39d av_one_third  avia-builder-el-4  el_after_av_two_third  avia-builder-el-last  flex_column_div  '     ><div  class='avia-button-wrap avia-button-center  avia-builder-el-5  avia-builder-el-no-sibling '>\n<style type=\"text\/css\" data-created_by=\"avia_inline_auto\" id=\"style-css-av-mcf746qw-84c2e5331fe3f90bda78873803eca4d5\">\n#top #wrap_all .avia-button.av-mcf746qw-84c2e5331fe3f90bda78873803eca4d5{\nfont-size:22px;\n}\n#top #wrap_all .avia-button.av-mcf746qw-84c2e5331fe3f90bda78873803eca4d5:hover{\ncolor:white;\ntransition:all 0.4s ease-in-out;\n}\n<\/style>\n<a href='https:\/\/get.ethosvirtual.com\/it-buyers-guide?utm_source=website&amp;utm_medium=homepage_button&amp;utm_campaign=it_buyers_guide' class='avia-color-theme-color avia-font-color-theme-color avia-button avia-button-fullwidth av-mcf746qw-84c2e5331fe3f90bda78873803eca4d5 avia-icon_select-no avia-color-theme-color'   aria-label=\"BAIXE O SEU GUIA AQUI\"><span class='avia_iconbox_title' >BAIXE O SEU GUIA AQUI<\/span><div class='av-button-description av-button-description-below'><p>100% GRATUITO<\/p>\n<\/div><span class='avia_button_background avia-button avia-button-fullwidth avia-color-theme-color-highlight'><\/span><\/a><\/div><\/div>\n\n<\/div><\/div><\/div><!-- close content main div --><\/div><\/div><\/div>\n<style type=\"text\/css\" data-created_by=\"avia_inline_auto\" id=\"style-css-av-26nmx0-4bc9c88081a485e264eb93b379579db5\">\n.avia-section.av-26nmx0-4bc9c88081a485e264eb93b379579db5{\nbackground-color:#545454;\nbackground-image:unset;\n}\n<\/style>\n<div id='av_section_2'  class='avia-section av-26nmx0-4bc9c88081a485e264eb93b379579db5 alternate_color avia-section-default avia-no-border-styling  avia-builder-el-6  el_after_av_section  avia-builder-el-last  avia-bg-style-scroll container_wrap sidebar_right'  ><div class='container av-section-cont-open' ><div class='template-page content  av-content-small alpha units'><div class='post-entry post-entry-type-page post-entry-1834'><div class='entry-content-wrapper clearfix'>\n<div  class='flex_column av-210if0-54ddbe2f10ed0bf0c45e50d5a561231f av_one_third  avia-builder-el-7  el_before_av_one_third  avia-builder-el-first  first flex_column_div  '     ><p>\n<style type=\"text\/css\" data-created_by=\"avia_inline_auto\" id=\"style-css-av-1xxj1o-d6d6190a61387ecb046fa707a461450b\">\n.av_font_icon.av-1xxj1o-d6d6190a61387ecb046fa707a461450b{\ncolor:#ffffff;\nborder-color:#ffffff;\n}\n.av_font_icon.av-1xxj1o-d6d6190a61387ecb046fa707a461450b .av-icon-char{\nfont-size:60px;\nline-height:60px;\n}\n<\/style>\n<span  class='av_font_icon av-1xxj1o-d6d6190a61387ecb046fa707a461450b avia_animate_when_visible av-icon-style- avia-icon-pos-center avia-icon-animate'><span class='av-icon-char' aria-hidden='true' data-av_icon='\ue8b9' data-av_iconfont='entypo-fontello' ><\/span><\/span><br \/>\n\n<style type=\"text\/css\" data-created_by=\"avia_inline_auto\" id=\"style-css-av-1sltt8-df5a6f9969024f571d43eb14a58794bb\">\n#top .hr.hr-invisible.av-1sltt8-df5a6f9969024f571d43eb14a58794bb{\nheight:25px;\n}\n<\/style>\n<div  class='hr av-1sltt8-df5a6f9969024f571d43eb14a58794bb hr-invisible  avia-builder-el-9  el_after_av_font_icon  el_before_av_animated_numbers '><span class='hr-inner '><span class=\"hr-inner-style\"><\/span><\/span><\/div><br \/>\n<a href='https:\/\/www.ethosvirtual.com\/pt-br\/sobre\/'  title=\"\"  class=\"avia-animated-number av-1mkzhg-0ebac57f6df058d0f4f7ad144d49432a av-force-default-color avia_animate_when_visible  avia-builder-el-10  el_after_av_hr  avia-builder-el-last  \" data-timer=\"3000\"><strong class=\"heading avia-animated-number-title\"><span class=\"avia-no-number\">Monitoramento <\/span><span class=\"avia-single-number __av-single-number\" data-number_format=\"\" data-number=\"24\" data-start_from=\"0\">24<\/span><span class=\"avia-no-number\">\/<\/span><span class=\"avia-single-number __av-single-number\" data-number_format=\"\" data-number=\"7\" data-start_from=\"0\">7<\/span><span class=\"avia-no-number\">\/<\/span><span class=\"avia-single-number __av-single-number\" data-number_format=\"\" data-number=\"365\" data-start_from=\"0\">365<\/span><\/strong><div class=\"avia-animated-number-content\"><p>Prontid\u00e3o proativa para opera\u00e7\u00f5es de rede<\/p>\n<\/div><\/a><\/p><\/div>\n<style type=\"text\/css\" data-created_by=\"avia_inline_auto\" id=\"style-css-av-1ghof8-049990c3c3e6e22f18da41730a012605\">\n@keyframes av_boxShadowEffect_av-1ghof8-049990c3c3e6e22f18da41730a012605-column {\n0%   { box-shadow:  0 0 0 0 ; opacity: 1; }\n100% { box-shadow:  0 0 10px 0 ; opacity: 1; }\n}\n<\/style>\n<div  class='flex_column av-1ghof8-049990c3c3e6e22f18da41730a012605 av_one_third  avia-builder-el-11  el_after_av_one_third  el_before_av_one_third  flex_column_div  '     ><p>\n<style type=\"text\/css\" data-created_by=\"avia_inline_auto\" id=\"style-css-av-49p1w-7c49835da6982f61cd848e51c81c3ba2\">\n.av_font_icon.av-49p1w-7c49835da6982f61cd848e51c81c3ba2{\ncolor:#ffffff;\nborder-color:#ffffff;\n}\n.av_font_icon.av-49p1w-7c49835da6982f61cd848e51c81c3ba2 .av-icon-char{\nfont-size:60px;\nline-height:60px;\n}\n<\/style>\n<span  class='av_font_icon av-49p1w-7c49835da6982f61cd848e51c81c3ba2 avia_animate_when_visible av-icon-style- avia-icon-pos-center avia-icon-animate'><span class='av-icon-char' aria-hidden='true' data-av_icon='\ue862' data-av_iconfont='entypo-fontello' ><\/span><\/span><br \/>\n\n<style type=\"text\/css\" data-created_by=\"avia_inline_auto\" id=\"style-css-av-14tna4-f6396a187aaef615ccf4b227cfad6d66\">\n#top .hr.hr-invisible.av-14tna4-f6396a187aaef615ccf4b227cfad6d66{\nheight:25px;\n}\n<\/style>\n<div  class='hr av-14tna4-f6396a187aaef615ccf4b227cfad6d66 hr-invisible  avia-builder-el-13  el_after_av_font_icon  el_before_av_animated_numbers '><span class='hr-inner '><span class=\"hr-inner-style\"><\/span><\/span><\/div><br \/>\n<div  class=\"avia-animated-number av-v70vw-832bfecabe31292b4e0ea54a62f05c14 av-force-default-color avia_animate_when_visible  avia-builder-el-14  el_after_av_hr  avia-builder-el-last  \" data-timer=\"3000\"><strong class=\"heading avia-animated-number-title\"><span class=\"avia-single-number __av-single-number\" data-number_format=\"\" data-number=\"16\" data-start_from=\"0\">16<\/span><span class=\"avia-no-number\"> anos no mercado<\/span><\/strong><div class=\"avia-animated-number-content\"><p>Nossa experi\u00eancia agrega valor.<\/p>\n<\/div><\/div><\/p><\/div><div  class='flex_column av-os1as-67d80d95d94da0eb3238d01d7f53bab8 av_one_third  avia-builder-el-15  el_after_av_one_third  avia-builder-el-last  flex_column_div  '     ><p>\n<style type=\"text\/css\" data-created_by=\"avia_inline_auto\" id=\"style-css-av-kdnws-2ad2583fdda2106bde8b6f4467fd50d4\">\n.av_font_icon.av-kdnws-2ad2583fdda2106bde8b6f4467fd50d4{\ncolor:#ffffff;\nborder-color:#ffffff;\n}\n.av_font_icon.av-kdnws-2ad2583fdda2106bde8b6f4467fd50d4 .av-icon-char{\nfont-size:60px;\nline-height:60px;\n}\n<\/style>\n<span  class='av_font_icon av-kdnws-2ad2583fdda2106bde8b6f4467fd50d4 avia_animate_when_visible av-icon-style- avia-icon-pos-center avia-icon-animate'><span class='av-icon-char' aria-hidden='true' data-av_icon='\ue856' data-av_iconfont='entypo-fontello' ><\/span><\/span><br \/>\n\n<style type=\"text\/css\" data-created_by=\"avia_inline_auto\" id=\"style-css-av-f7jak-9b21badca987654d535968387c06ab16\">\n#top .hr.hr-invisible.av-f7jak-9b21badca987654d535968387c06ab16{\nheight:25px;\n}\n<\/style>\n<div  class='hr av-f7jak-9b21badca987654d535968387c06ab16 hr-invisible  avia-builder-el-17  el_after_av_font_icon  el_before_av_animated_numbers '><span class='hr-inner '><span class=\"hr-inner-style\"><\/span><\/span><\/div><br \/>\n<div  class=\"avia-animated-number av-993dw-aece5b9f3aca5d5f87e1d98e5c468409 av-force-default-color avia_animate_when_visible  avia-builder-el-18  el_after_av_hr  avia-builder-el-last  \" data-timer=\"3000\"><strong class=\"heading avia-animated-number-title\"><span class=\"avia-no-number\">+<\/span><span class=\"avia-single-number __av-single-number\" data-number_format=\"\" data-number=\"500\" data-start_from=\"0\">500<\/span><span class=\"avia-no-number\"> usu\u00e1rios suportados<\/span><\/strong><div class=\"avia-animated-number-content\"><p>Servi\u00e7os de helpdesk B2B sob demanda<\/p>\n<\/div><\/div><\/p><\/div>\n<\/div><\/div><\/div><!-- close content main div --><\/div><\/div><div id='after_section_2'  class='main_color av_default_container_wrap container_wrap sidebar_right'  ><div class='container av-section-cont-open' ><div class='template-page content  av-content-small alpha units'><div class='post-entry post-entry-type-page post-entry-1834'><div class='entry-content-wrapper clearfix'>\n","protected":false},"excerpt":{"rendered":"","protected":false},"author":3,"featured_media":0,"parent":0,"menu_order":0,"comment_status":"closed","ping_status":"closed","template":"","meta":{"footnotes":""},"class_list":["post-1834","page","type-page","status-publish","hentry"],"_links":{"self":[{"href":"https:\/\/www.ethosvirtual.com\/pt-br\/wp-json\/wp\/v2\/pages\/1834","targetHints":{"allow":["GET"]}}],"collection":[{"href":"https:\/\/www.ethosvirtual.com\/pt-br\/wp-json\/wp\/v2\/pages"}],"about":[{"href":"https:\/\/www.ethosvirtual.com\/pt-br\/wp-json\/wp\/v2\/types\/page"}],"author":[{"embeddable":true,"href":"https:\/\/www.ethosvirtual.com\/pt-br\/wp-json\/wp\/v2\/users\/3"}],"replies":[{"embeddable":true,"href":"https:\/\/www.ethosvirtual.com\/pt-br\/wp-json\/wp\/v2\/comments?post=1834"}],"version-history":[{"count":4,"href":"https:\/\/www.ethosvirtual.com\/pt-br\/wp-json\/wp\/v2\/pages\/1834\/revisions"}],"predecessor-version":[{"id":2479,"href":"https:\/\/www.ethosvirtual.com\/pt-br\/wp-json\/wp\/v2\/pages\/1834\/revisions\/2479"}],"wp:attachment":[{"href":"https:\/\/www.ethosvirtual.com\/pt-br\/wp-json\/wp\/v2\/media?parent=1834"}],"curies":[{"name":"wp","href":"https:\/\/api.w.org\/{rel}","templated":true}]}}