{"id":1838,"date":"2022-08-24T12:13:02","date_gmt":"2022-08-24T19:13:02","guid":{"rendered":"https:\/\/32dd069598.nxcli.io\/vciso\/"},"modified":"2024-09-19T05:38:01","modified_gmt":"2024-09-19T12:38:01","slug":"vciso","status":"publish","type":"page","link":"https:\/\/www.ethosvirtual.com\/pt-br\/servicos\/ciber-seguranca\/vciso\/","title":{"rendered":"vCISO"},"content":{"rendered":"<div id='layer_slider_1'  class='avia-layerslider main_color avia-shadow  avia-builder-el-0  el_before_av_section  avia-builder-el-first  container_wrap sidebar_right'  style='height: 101px;'  ><\/div>\n\n<style type=\"text\/css\" data-created_by=\"avia_inline_auto\" id=\"style-css-av-av_section-d806951993c2efaf08308bb4c661ac63\">\n.avia-section.av-av_section-d806951993c2efaf08308bb4c661ac63{\nbackground-repeat:no-repeat;\nbackground-image:url(https:\/\/www.ethosvirtual.com\/wp-content\/uploads\/2022\/07\/bg-E.png);\nbackground-position:0% 100%;\nbackground-attachment:scroll;\n}\n<\/style>\n<div id='av_section_1'  class='avia-section av-av_section-d806951993c2efaf08308bb4c661ac63 main_color avia-section-default avia-no-border-styling  avia-builder-el-1  el_after_av_layerslider  avia-builder-el-last  avia-bg-style-scroll container_wrap sidebar_right'  data-section-bg-repeat='no-repeat'><div class='container av-section-cont-open' ><div class='template-page content  av-content-small alpha units'><div class='post-entry post-entry-type-page post-entry-1838'><div class='entry-content-wrapper clearfix'>\n<div  class='flex_column av-av_one_fourth-a961ec8c42a44a397321d1a2224da3ca av_one_fourth  avia-builder-el-2  el_before_av_three_fourth  avia-builder-el-first  first flex_column_div  '     ><div  class='avia-builder-widget-area clearfix  avia-builder-el-3  avia-builder-el-no-sibling '><div id=\"nav_menu-2\" class=\"widget clearfix widget_nav_menu\"><h3 class=\"widgettitle\">IT Services<\/h3><div class=\"menu-sidebar-it-services-container\"><ul id=\"menu-sidebar-it-services\" class=\"menu\"><li id=\"menu-item-906\" class=\"menu-item menu-item-type-post_type menu-item-object-page menu-item-906\"><a href=\"https:\/\/www.ethosvirtual.com\/it-infrastructure\/\">Infraestrutura de TI<\/a><\/li>\n<li id=\"menu-item-907\" class=\"menu-item menu-item-type-post_type menu-item-object-page menu-item-907\"><a href=\"https:\/\/www.ethosvirtual.com\/erp\/\">ERP<\/a><\/li>\n<li id=\"menu-item-908\" class=\"menu-item menu-item-type-post_type menu-item-object-page menu-item-908\"><a href=\"https:\/\/www.ethosvirtual.com\/services\/cyber-security\/\">Ciberseguran\u00e7a<\/a><\/li>\n<li id=\"menu-item-909\" class=\"menu-item menu-item-type-post_type menu-item-object-page menu-item-909\"><a href=\"https:\/\/www.ethosvirtual.com\/services\/business-intelligence\/\">Intelig\u00eancia Empresarial<\/a><\/li>\n<li id=\"menu-item-910\" class=\"menu-item menu-item-type-post_type menu-item-object-page menu-item-910\"><a href=\"https:\/\/www.ethosvirtual.com\/services\/it-management\/\">Gerenciamento de TI<\/a><\/li>\n<\/ul><\/div><\/div><\/div><\/div><div  class='flex_column av-av_three_fourth-e38f08a368d22f46ed35f78008f927bf av_three_fourth  avia-builder-el-4  el_after_av_one_fourth  avia-builder-el-last  flex_column_div  '     ><p>\n<style type=\"text\/css\" data-created_by=\"avia_inline_auto\" id=\"style-css-av-l77qxq2o-f2a84897441e73d659bcdf78b1e312f3\">\n#top .av-special-heading.av-l77qxq2o-f2a84897441e73d659bcdf78b1e312f3{\npadding-bottom:0;\n}\nbody .av-special-heading.av-l77qxq2o-f2a84897441e73d659bcdf78b1e312f3 .av-special-heading-tag .heading-char{\nfont-size:25px;\n}\n.av-special-heading.av-l77qxq2o-f2a84897441e73d659bcdf78b1e312f3 .av-subheading{\nfont-size:15px;\n}\n<\/style>\n<div  class='av-special-heading av-l77qxq2o-f2a84897441e73d659bcdf78b1e312f3 av-special-heading-h1 blockquote modern-quote  avia-builder-el-5  el_before_av_textblock  avia-builder-el-first '><h1 class='av-special-heading-tag '  itemprop=\"headline\"  >vCISO<\/h1><div class='av-subheading av-subheading_below'><p>Um Diretor Virtual de Seguran\u00e7a da Informa\u00e7\u00e3o dedicado e terceirizado , \u00e9 essencial para desenvolver, tra\u00e7ar estrat\u00e9gias, gerenciar e otimizar as pr\u00e1tica de seguran\u00e7a cibern\u00e9tica.<\/p>\n<\/div><div class=\"special-heading-border\"><div class=\"special-heading-inner-border\"><\/div><\/div><\/div><br \/>\n<section  class='av_textblock_section av-l77qy8p1-9c8a46d244987f1449bb478c638db294 '   itemscope=\"itemscope\" itemtype=\"https:\/\/schema.org\/CreativeWork\" ><div class='avia_textblock'  itemprop=\"text\" ><h2>O que \u00e9 um CISO virtual?<\/h2>\n<p>Entendemos que um CISO interno em tempo integral, pode n\u00e3o fazer sentido comercial ou ser vi\u00e1vel para todas as organiza\u00e7\u00f5es. No entanto, \u00e9 essencial ter um <strong>l\u00edder experiente e apaixonado no comando das pr\u00e1ticas de seguran\u00e7a cibern\u00e9tica.<\/strong> Tenha acesso a um profissional de seguran\u00e7a, que utilize sua vasta experi\u00eancia em seguran\u00e7a cibern\u00e9tica, e conhecimento do setor para auxiliar sua empresa no desenvolvolvimento, e gest\u00e3o da implementa\u00e7\u00e3o do programa de seguran\u00e7a da informa\u00e7\u00e3o.  <\/p>\n<h2>Reduza custos e responsabilidades internas<\/h2>\n<div>\n<p>A contrata\u00e7\u00e3o de um CISO interno pode representar um custo elevado, e muita das vezes, se tornar um processo complexo e prolongado. Elimine esses desafios com nosso CISO virtual, com uma remunera\u00e7\u00e3o mensal baseada no n\u00edvel de servi\u00e7o que voc\u00ea necessita.<\/p>\n<ul>\n<li>Solu\u00e7\u00f5es perfeitas para nicho<\/li>\n<li>Acesso a uma ampla gama de habilidades<\/li>\n<li>experi\u00eancia<\/li>\n<li>Custo<\/li>\n<li>Redu\u00e7\u00e3o do estresse, e do esfor\u00e7o dos funcion\u00e1rios internos<\/li>\n<\/ul>\n<h2>Gerenciamento de seguran\u00e7a cibern\u00e9tica de ponta a ponta<\/h2>\n<p>Enquanto voc\u00ea se dedica \u00e0 gest\u00e3o do seu neg\u00f3cio, o seu CISO dedicado, virtual e terceirizado assegura que todos os aspectos da seguran\u00e7a organizacional operem de maneira eficiente.<\/p>\n<p>Um CISO virtual pode coordenar:<\/p>\n<ul>\n<li>Estrat\u00e9gia de seguran\u00e7a cibern\u00e9tica;<\/li>\n<li>Pol\u00edticas e procedimentos;<\/li>\n<li>Governan\u00e7a e avalia\u00e7\u00e3o de riscos;<\/li>\n<li>Conformidade;<\/li>\n<li>Ciberseguran\u00e7a proativa;<\/li>\n<\/ul>\n<h2>Por que voc\u00ea precisa de um CISO?<\/h2>\n<h3>Ambiente de amea\u00e7as complexas<\/h3>\n<p>As necessidades de seguran\u00e7a cibern\u00e9tica s\u00e3o coerentes com o porte da sua organiza\u00e7\u00e3o. \u00c9 essencial compreender o ambiente de amea\u00e7as da sua organiza\u00e7\u00e3o, como primeiro passo antes de optar pela contrata\u00e7\u00e3o de um Diretor de Seguran\u00e7a da Informa\u00e7\u00e3o. Dependendo da complexidade do seu ambiente de amea\u00e7as, \u00e9 poss\u00edvel que sua organiza\u00e7\u00e3o d\u00ea prioridade \u00e1 seguran\u00e7a.<\/p>\n<h3>Pol\u00edticas e Procedimentos<\/h3>\n<p>Pol\u00edticas aprimoradas de seguran\u00e7a cibern\u00e9tica, podem ajudar os colaboradores a entender melhor como manter a seguran\u00e7a dos dados, e aplica\u00e7\u00f5es. Para garantir que sua empresa implemente e mantenha pol\u00edticas e procedimentos eficazes de seguran\u00e7a da informa\u00e7\u00e3o, pode ser necess\u00e1rio contar com o conhecimento e a experi\u00eancia de um CISO.<\/p>\n<h3>Governan\u00e7a, Risco e Conformidade<\/h3>\n<p>Organiza\u00e7\u00f5es de diversos setores, lidam, e por vezes, armazenam grandes quantidades de informa\u00e7\u00f5es confidenciais, como \u00e9 o caso dos setores de sa\u00fade e financeiro. Isso resulta em uma regulamenta\u00e7\u00e3o rigorosa, exigindo que adotem uma solu\u00e7\u00e3o de seguran\u00e7a cibern\u00e9tica mais extensa e, abrangente do que as empresas de setores comuns.<\/p>\n<h3>Falta de especialistas em Seguran\u00e7a da Informa\u00e7\u00e3o<\/h3>\n<p>A Seguran\u00e7a Cibern\u00e9tica se tornou uma das principais prioridades para empresas globalmente, resultando em um aumento significativo na demanda por especialistas na \u00e1rea. Infelizmente, a demanda por profissionais de Seguran\u00e7a da Informa\u00e7\u00e3o empresarial, excede o conjunto de habilidades dispon\u00edveis atualmente. Encontrar experi\u00eancia e conhecimento especializado a um custo acess\u00edvel pode ser desafiador para as empresas, o que torna um CISO Virtual uma solu\u00e7\u00e3o ideal.<\/p>\n<h2>\nPrincipais fun\u00e7\u00f5es que os CISOs desempenham<\/h2>\n<h3>Implementar e supervisionar o programa de seguran\u00e7a cibern\u00e9tica<\/h3>\n<p>Uma responsabilidade fundamental de um CISO em uma organiza\u00e7\u00e3o, \u00e9 fornecer direcionamento estrat\u00e9gico para o programa de Seguran\u00e7a Cibern\u00e9tica. Juntamente com a orienta\u00e7\u00e3o, \u00e9 responsabilidade do CISO garantir que as organiza\u00e7\u00f5es permane\u00e7am em conformidade com os padr\u00f5es, pol\u00edticas, regulamentos e legisla\u00e7\u00e3o de Seguran\u00e7a Cibern\u00e9tica.<\/p>\n<h3>Alinhando a Seguran\u00e7a Cibern\u00e9tica e os objetivos de neg\u00f3cios<\/h3>\n<p>Certifique-se de que os objetivos do Programa de Seguran\u00e7a Cibern\u00e9tica, estejam alinhandos com as metas esperadas pela sua organiza\u00e7\u00e3o. Uma das fun\u00e7\u00f5es fundamentais, \u00e9 garantir uma comunica\u00e7\u00e3o clara e concisa, entre o pessoal de Seguran\u00e7a e os stakeholders (partes interessadas).<\/p>\n<h3>Relat\u00f3rios sobre Seguran\u00e7a Cibern\u00e9tica<\/h3>\n<p>Os CISO&#8217;s desempenham um papel crucial, quando se trata de fornecer aos l\u00edderes empresariais informa\u00e7\u00f5es sobre as principais tend\u00eancias de seguran\u00e7a cibern\u00e9tica, al\u00e9m de oferecer \u00e0 alta gest\u00e3o uma vis\u00e3o consolidada e abrangente da postura de Seguran\u00e7a Cibern\u00e9tica da sua organiza\u00e7\u00e3o.<\/p>\n<h3>Monitoramento de atividades de resposta a incidentes<\/h3>\n<p>Um CISO supervisiona a efic\u00e1cia, com que as equipes internas gerenciam um incidente de seguran\u00e7a cibern\u00e9tica, assim que ele \u00e9 detectado Se necess\u00e1rio, espera-se que um CISO intervenha e gerencie a resposta a incidentes, em uma viola\u00e7\u00e3o grave de seguran\u00e7a<br \/>\no gerenciamento de crises, \u00e9 de responsabilidade do CISO. Em incidente de seguran\u00e7a, cabe ao CISO proporcionar clareza para stakeholders (principais partes interessadas), tanto internas quanto externas.<\/p>\n<h3>Gerenciando a continuidade dos neg\u00f3cios, e a recupera\u00e7\u00e3o de desastres<\/h3>\n<p>A implementa\u00e7\u00e3o de planos existentes de continuidade de neg\u00f3cios, e recupera\u00e7\u00e3o de desastres \u00e9 outra fun\u00e7\u00e3o fundamental de um CISO. Incidentes de seguran\u00e7a podem afetar significativamente o bem-estar de uma organiza\u00e7\u00e3o. Por exemplo, ataques de ransomware podem resultar em per\u00edodos de inatividade enquanto a empresa trabalha para se recuperar. Um CISO pode desempenhar um papel vital na gest\u00e3o da continuidade dos neg\u00f3cios, ap\u00f3s um incidente de seguran\u00e7a.<\/p>\n<h3>Promova uma forte cultura de Seguran\u00e7a da Informa\u00e7\u00e3o<\/h3>\n<p>Outra fun\u00e7\u00e3o essencial de um CISO \u00e9 fomentar uma forte cultura de seguran\u00e7a da informa\u00e7\u00e3o. Para promover uma mudan\u00e7a cultural abrangente em seguran\u00e7a por toda a organiza\u00e7\u00e3o, o CISO deve ser um l\u00edder inovador, comunicando de forma constante sua estrat\u00e9gia e vis\u00e3o. Isso pode ser efetivamente alcan\u00e7ado adaptando a comunica\u00e7\u00e3o para as diversas \u00e1reas da organiza\u00e7\u00e3o, e mantendo-a relevante para o p\u00fablico-alvo.<\/p>\n<h3>Gerenciando relacionamentos com fornecedores<\/h3>\n<p>Existe um risco significativo para a seguran\u00e7a da informa\u00e7\u00e3o na sua organiza\u00e7\u00e3o, origin\u00e1rio dos fornecedores e prestadores de servi\u00e7os com os quais se colabora. Um CISO pode contribuir para assegurar que processos consistentes de gest\u00e3o de fornecedores estejam implementados, para mitigar os riscos \u00e0 seguran\u00e7a da informa\u00e7\u00e3o.<\/p>\n<h3>Utilizando or\u00e7amentos de Seguran\u00e7a Cibern\u00e9tica de maneira eficaz<\/h3>\n<p>Tamb\u00e9m cabe ao CISO, a responsabilidade de utilizar o or\u00e7amento destinado ao programa de Seguran\u00e7a Cibern\u00e9tica de uma organiza\u00e7\u00e3o de maneira eficiente e eficaz. Um CISO pode auxiliar uma organiza\u00e7\u00e3o a tomar decis\u00f5es inteligentes, sobre investimentos em Seguran\u00e7a Cibern\u00e9tica.<\/p>\n<\/div>\n<\/div><\/section><\/p><\/div><\/div><\/div><\/div><!-- close content main div --><\/div><\/div><div id='after_section_1'  class='main_color av_default_container_wrap container_wrap sidebar_right'  ><div class='container av-section-cont-open' ><div class='template-page content  av-content-small alpha units'><div class='post-entry post-entry-type-page post-entry-1838'><div class='entry-content-wrapper clearfix'>\n","protected":false},"excerpt":{"rendered":"","protected":false},"author":3,"featured_media":0,"parent":1850,"menu_order":0,"comment_status":"closed","ping_status":"closed","template":"","meta":{"footnotes":""},"class_list":["post-1838","page","type-page","status-publish","hentry"],"_links":{"self":[{"href":"https:\/\/www.ethosvirtual.com\/pt-br\/wp-json\/wp\/v2\/pages\/1838","targetHints":{"allow":["GET"]}}],"collection":[{"href":"https:\/\/www.ethosvirtual.com\/pt-br\/wp-json\/wp\/v2\/pages"}],"about":[{"href":"https:\/\/www.ethosvirtual.com\/pt-br\/wp-json\/wp\/v2\/types\/page"}],"author":[{"embeddable":true,"href":"https:\/\/www.ethosvirtual.com\/pt-br\/wp-json\/wp\/v2\/users\/3"}],"replies":[{"embeddable":true,"href":"https:\/\/www.ethosvirtual.com\/pt-br\/wp-json\/wp\/v2\/comments?post=1838"}],"version-history":[{"count":9,"href":"https:\/\/www.ethosvirtual.com\/pt-br\/wp-json\/wp\/v2\/pages\/1838\/revisions"}],"predecessor-version":[{"id":2218,"href":"https:\/\/www.ethosvirtual.com\/pt-br\/wp-json\/wp\/v2\/pages\/1838\/revisions\/2218"}],"up":[{"embeddable":true,"href":"https:\/\/www.ethosvirtual.com\/pt-br\/wp-json\/wp\/v2\/pages\/1850"}],"wp:attachment":[{"href":"https:\/\/www.ethosvirtual.com\/pt-br\/wp-json\/wp\/v2\/media?parent=1838"}],"curies":[{"name":"wp","href":"https:\/\/api.w.org\/{rel}","templated":true}]}}