{"id":1842,"date":"2022-07-17T16:07:50","date_gmt":"2022-07-17T23:07:50","guid":{"rendered":"https:\/\/32dd069598.nxcli.io\/servicos\/"},"modified":"2025-08-28T07:51:15","modified_gmt":"2025-08-28T14:51:15","slug":"servicos","status":"publish","type":"page","link":"https:\/\/www.ethosvirtual.com\/pt-br\/servicos\/","title":{"rendered":"Servi\u00e7os"},"content":{"rendered":"<div id='layer_slider_1'  class='avia-layerslider main_color avia-shadow  avia-builder-el-0  el_before_av_section  avia-builder-el-first  container_wrap sidebar_right'  style='height: 101px;'  ><\/div>\n\n<style type=\"text\/css\" data-created_by=\"avia_inline_auto\" id=\"style-css-av-1xvgz3-6aaf84d5242022d852b0d4b0503192df\">\n.avia-section.av-1xvgz3-6aaf84d5242022d852b0d4b0503192df{\nbackground-repeat:no-repeat;\nbackground-image:url(https:\/\/www.ethosvirtual.com\/wp-content\/uploads\/2022\/07\/bg-E.png);\nbackground-position:0% 100%;\nbackground-attachment:scroll;\n}\n<\/style>\n<div id='av_section_1'  class='avia-section av-1xvgz3-6aaf84d5242022d852b0d4b0503192df main_color avia-section-default avia-no-border-styling  avia-builder-el-1  el_after_av_layerslider  el_before_av_section  avia-bg-style-scroll container_wrap sidebar_right'  data-section-bg-repeat='no-repeat'><div class='container av-section-cont-open' ><div class='template-page content  av-content-small alpha units'><div class='post-entry post-entry-type-page post-entry-1842'><div class='entry-content-wrapper clearfix'>\n\n<style type=\"text\/css\" data-created_by=\"avia_inline_auto\" id=\"style-css-av-lad0epez-ba52e40ea97dc01ec323a75455d24ee1\">\n#top .av-special-heading.av-lad0epez-ba52e40ea97dc01ec323a75455d24ee1{\npadding-bottom:0;\n}\nbody .av-special-heading.av-lad0epez-ba52e40ea97dc01ec323a75455d24ee1 .av-special-heading-tag .heading-char{\nfont-size:25px;\n}\n.av-special-heading.av-lad0epez-ba52e40ea97dc01ec323a75455d24ee1 .av-subheading{\nfont-size:15px;\n}\n<\/style>\n<div  class='av-special-heading av-lad0epez-ba52e40ea97dc01ec323a75455d24ee1 av-special-heading-h1 blockquote modern-quote modern-centered  avia-builder-el-2  el_before_av_hr  avia-builder-el-first '><h1 class='av-special-heading-tag '  itemprop=\"headline\"  >Servi\u00e7os<\/h1><div class='av-subheading av-subheading_below'><p>Suporte e manuten\u00e7\u00e3o de TI para manter seu neg\u00f3cio em movimento.<\/p>\n<\/div><div class=\"special-heading-border\"><div class=\"special-heading-inner-border\"><\/div><\/div><\/div>\n\n<style type=\"text\/css\" data-created_by=\"avia_inline_auto\" id=\"style-css-av-9yffb-390938683cde4c0fe5517a1314579697\">\n#top .hr.hr-invisible.av-9yffb-390938683cde4c0fe5517a1314579697{\nheight:50px;\n}\n<\/style>\n<div  class='hr av-9yffb-390938683cde4c0fe5517a1314579697 hr-invisible  avia-builder-el-3  el_after_av_heading  el_before_av_one_fifth '><span class='hr-inner '><span class=\"hr-inner-style\"><\/span><\/span><\/div>\n<div  class='flex_column av-6eyov-5bfc8308e320f7b9cb622802d6d08642 av_one_fifth  avia-builder-el-4  el_after_av_hr  el_before_av_one_fifth  first flex_column_div  '     ><p>\n<style type=\"text\/css\" data-created_by=\"avia_inline_auto\" id=\"style-css-av-5oq8v-e665c3dafa3d27302d39447da2529788\">\n.avia-image-container.av-5oq8v-e665c3dafa3d27302d39447da2529788 img.avia_image{\nbox-shadow:none;\n}\n.avia-image-container.av-5oq8v-e665c3dafa3d27302d39447da2529788 .av-image-caption-overlay-center{\ncolor:#ffffff;\n}\n<\/style>\n<div  class='avia-image-container av-5oq8v-e665c3dafa3d27302d39447da2529788 av-styling- avia-align-center  avia-builder-el-5  el_before_av_heading  avia-builder-el-first '   itemprop=\"image\" itemscope=\"itemscope\" itemtype=\"https:\/\/schema.org\/ImageObject\" ><div class=\"avia-image-container-inner\"><div class=\"avia-image-overlay-wrap\"><img decoding=\"async\" fetchpriority=\"high\" class='wp-image-1725 avia-img-lazy-loading-not-1725 avia_image ' src=\"https:\/\/www.ethosvirtual.com\/wp-content\/uploads\/2022\/11\/Ethos-1500x1000-5-495x400.jpg\" alt='' title='Ethos-1500x1000-5'  height=\"400\" width=\"495\"  itemprop=\"thumbnailUrl\" srcset=\"https:\/\/www.ethosvirtual.com\/wp-content\/uploads\/2022\/11\/Ethos-1500x1000-5-495x400.jpg 495w, https:\/\/www.ethosvirtual.com\/wp-content\/uploads\/2022\/11\/Ethos-1500x1000-5-845x684.jpg 845w\" sizes=\"(max-width: 495px) 100vw, 495px\" \/><\/div><\/div><\/div><br \/>\n\n<style type=\"text\/css\" data-created_by=\"avia_inline_auto\" id=\"style-css-av-lad0fv17-b8a845b1a9028091121626be83c1baee\">\n#top .av-special-heading.av-lad0fv17-b8a845b1a9028091121626be83c1baee{\npadding-bottom:10px;\n}\nbody .av-special-heading.av-lad0fv17-b8a845b1a9028091121626be83c1baee .av-special-heading-tag .heading-char{\nfont-size:25px;\n}\n.av-special-heading.av-lad0fv17-b8a845b1a9028091121626be83c1baee .av-subheading{\nfont-size:15px;\n}\n<\/style>\n<div  class='av-special-heading av-lad0fv17-b8a845b1a9028091121626be83c1baee av-special-heading-h3  avia-builder-el-6  el_after_av_image  el_before_av_textblock '><h3 class='av-special-heading-tag '  itemprop=\"headline\"  >Infraestrutura de TI<\/h3><div class=\"special-heading-border\"><div class=\"special-heading-inner-border\"><\/div><\/div><\/div><br \/>\n<section  class='av_textblock_section av-lad0hjot-927b31c7748fac5f267d2f53f89bb21e '   itemscope=\"itemscope\" itemtype=\"https:\/\/schema.org\/CreativeWork\" ><div class='avia_textblock'  itemprop=\"text\" ><ul>\n<li id=\"lipsum\">IT Help Desk &amp; Support<\/li>\n<li>Network Architecture<\/li>\n<li>Systems Monitoring<\/li>\n<li>and more&#8230;<\/li>\n<\/ul>\n<div><\/div>\n<\/div><\/section><br \/>\n<div  class='avia-button-wrap av-6sx07-b03169ae5b4fca32ce2c6a8be4d1ba52-wrap avia-button-left  avia-builder-el-8  el_after_av_textblock  avia-builder-el-last '><a href='https:\/\/www.ethosvirtual.com\/pt-br\/infraestrutura-de-ti\/'  class='avia-button av-6sx07-b03169ae5b4fca32ce2c6a8be4d1ba52 av-link-btn avia-icon_select-no avia-size-small avia-position-left avia-color-theme-color'   aria-label=\"Saber mais\"><span class='avia_iconbox_title' >Saber mais<\/span><\/a><\/div><\/p><\/div><div  class='flex_column av-1dge0f-bf90c6895661917db8204ec914bb4cc2 av_one_fifth  avia-builder-el-9  el_after_av_one_fifth  el_before_av_one_fifth  flex_column_div  '     ><p>\n<style type=\"text\/css\" data-created_by=\"avia_inline_auto\" id=\"style-css-av-16p4an-73baa649083662cf4274a8fdb42a17e9\">\n.avia-image-container.av-16p4an-73baa649083662cf4274a8fdb42a17e9 img.avia_image{\nbox-shadow:none;\n}\n.avia-image-container.av-16p4an-73baa649083662cf4274a8fdb42a17e9 .av-image-caption-overlay-center{\ncolor:#ffffff;\n}\n<\/style>\n<div  class='avia-image-container av-16p4an-73baa649083662cf4274a8fdb42a17e9 av-styling- avia-align-center  avia-builder-el-10  el_before_av_heading  avia-builder-el-first '   itemprop=\"image\" itemscope=\"itemscope\" itemtype=\"https:\/\/schema.org\/ImageObject\" ><div class=\"avia-image-container-inner\"><div class=\"avia-image-overlay-wrap\"><img decoding=\"async\" fetchpriority=\"high\" class='wp-image-1737 avia-img-lazy-loading-not-1737 avia_image ' src=\"https:\/\/www.ethosvirtual.com\/wp-content\/uploads\/2022\/11\/Ethos-1500x1000-18-495x400.jpg\" alt='' title='Ethos-1500x1000-18'  height=\"400\" width=\"495\"  itemprop=\"thumbnailUrl\" srcset=\"https:\/\/www.ethosvirtual.com\/wp-content\/uploads\/2022\/11\/Ethos-1500x1000-18-495x400.jpg 495w, https:\/\/www.ethosvirtual.com\/wp-content\/uploads\/2022\/11\/Ethos-1500x1000-18-845x684.jpg 845w\" sizes=\"(max-width: 495px) 100vw, 495px\" \/><\/div><\/div><\/div><br \/>\n\n<style type=\"text\/css\" data-created_by=\"avia_inline_auto\" id=\"style-css-av-lad0kwuz-b8987140ed72d2122d4525554e2c0ccf\">\n#top .av-special-heading.av-lad0kwuz-b8987140ed72d2122d4525554e2c0ccf{\npadding-bottom:10px;\n}\nbody .av-special-heading.av-lad0kwuz-b8987140ed72d2122d4525554e2c0ccf .av-special-heading-tag .heading-char{\nfont-size:25px;\n}\n.av-special-heading.av-lad0kwuz-b8987140ed72d2122d4525554e2c0ccf .av-subheading{\nfont-size:15px;\n}\n<\/style>\n<div  class='av-special-heading av-lad0kwuz-b8987140ed72d2122d4525554e2c0ccf av-special-heading-h3  avia-builder-el-11  el_after_av_image  el_before_av_textblock '><h3 class='av-special-heading-tag '  itemprop=\"headline\"  >ERP<\/h3><div class=\"special-heading-border\"><div class=\"special-heading-inner-border\"><\/div><\/div><\/div><br \/>\n<section  class='av_textblock_section av-lad0onac-b6827f450eda7034f7d90251d864da94 '   itemscope=\"itemscope\" itemtype=\"https:\/\/schema.org\/CreativeWork\" ><div class='avia_textblock'  itemprop=\"text\" ><ul>\n<li>Especialistas TOTVS\/RM<\/li>\n<li>Arquitetura<\/li>\n<li>Costumiza\u00e7\u00e3o<\/li>\n<li>Servi\u00e7o de Helpdesk<\/li>\n<\/ul>\n<div><\/div>\n<\/div><\/section><br \/>\n<div  class='avia-button-wrap av-lad17pev-72e2b3c45c87779ce63e8cde5dd379b4-wrap avia-button-left  avia-builder-el-13  el_after_av_textblock  avia-builder-el-last '><a href='https:\/\/www.ethosvirtual.com\/pt-br\/erp\/'  class='avia-button av-lad17pev-72e2b3c45c87779ce63e8cde5dd379b4 av-link-btn avia-icon_select-no avia-size-small avia-position-left avia-color-theme-color'   aria-label=\"Saber mais\"><span class='avia_iconbox_title' >Saber mais<\/span><\/a><\/div><\/p><\/div><div  class='flex_column av-12ea7z-33b6eab53698c0a07e34e4766829a42e av_one_fifth  avia-builder-el-14  el_after_av_one_fifth  el_before_av_one_fifth  flex_column_div  '     ><p>\n<style type=\"text\/css\" data-created_by=\"avia_inline_auto\" id=\"style-css-av-v21vj-40488a3f020de40392fc23537e938ac6\">\n.avia-image-container.av-v21vj-40488a3f020de40392fc23537e938ac6 img.avia_image{\nbox-shadow:none;\n}\n.avia-image-container.av-v21vj-40488a3f020de40392fc23537e938ac6 .av-image-caption-overlay-center{\ncolor:#ffffff;\n}\n<\/style>\n<div  class='avia-image-container av-v21vj-40488a3f020de40392fc23537e938ac6 av-styling- avia-align-center  avia-builder-el-15  el_before_av_heading  avia-builder-el-first '   itemprop=\"image\" itemscope=\"itemscope\" itemtype=\"https:\/\/schema.org\/ImageObject\" ><div class=\"avia-image-container-inner\"><div class=\"avia-image-overlay-wrap\"><img decoding=\"async\" fetchpriority=\"high\" class='wp-image-1723 avia-img-lazy-loading-not-1723 avia_image ' src=\"https:\/\/www.ethosvirtual.com\/wp-content\/uploads\/2022\/11\/Ethos-1500x1000-3-495x400.jpg\" alt='' title='Ethos-1500x1000-3'  height=\"400\" width=\"495\"  itemprop=\"thumbnailUrl\" srcset=\"https:\/\/www.ethosvirtual.com\/wp-content\/uploads\/2022\/11\/Ethos-1500x1000-3-495x400.jpg 495w, https:\/\/www.ethosvirtual.com\/wp-content\/uploads\/2022\/11\/Ethos-1500x1000-3-845x684.jpg 845w\" sizes=\"(max-width: 495px) 100vw, 495px\" \/><\/div><\/div><\/div><br \/>\n\n<style type=\"text\/css\" data-created_by=\"avia_inline_auto\" id=\"style-css-av-lad0p8gl-28595cca4c58192a5e09c4ff7c2d8770\">\n#top .av-special-heading.av-lad0p8gl-28595cca4c58192a5e09c4ff7c2d8770{\npadding-bottom:10px;\n}\nbody .av-special-heading.av-lad0p8gl-28595cca4c58192a5e09c4ff7c2d8770 .av-special-heading-tag .heading-char{\nfont-size:25px;\n}\n.av-special-heading.av-lad0p8gl-28595cca4c58192a5e09c4ff7c2d8770 .av-subheading{\nfont-size:15px;\n}\n<\/style>\n<div  class='av-special-heading av-lad0p8gl-28595cca4c58192a5e09c4ff7c2d8770 av-special-heading-h3  avia-builder-el-16  el_after_av_image  el_before_av_textblock '><h3 class='av-special-heading-tag '  itemprop=\"headline\"  >Ciberseguran\u00e7a<\/h3><div class=\"special-heading-border\"><div class=\"special-heading-inner-border\"><\/div><\/div><\/div><br \/>\n<section  class='av_textblock_section av-lad0qeti-b749bc78acc39a91d673e6c49277c390 '   itemscope=\"itemscope\" itemtype=\"https:\/\/schema.org\/CreativeWork\" ><div class='avia_textblock'  itemprop=\"text\" ><ul>\n<li>Treinamento LGPD<\/li>\n<li>Oficial de Seguran\u00e7a da Informa\u00e7\u00e3o Virtual<\/li>\n<li>Auditorias de Seguran\u00e7a Cibern\u00e9tica<\/li>\n<li>Pacotes de seguran\u00e7a<\/li>\n<\/ul>\n<div><\/div>\n<\/div><\/section><br \/>\n<div  class='avia-button-wrap av-lad16zgt-4895d95ed6c749fa6c6fccbabee3c5b1-wrap avia-button-left  avia-builder-el-18  el_after_av_textblock  avia-builder-el-last '><a href='https:\/\/www.ethosvirtual.com\/pt-br\/servicos\/ciber-seguranca\/'  class='avia-button av-lad16zgt-4895d95ed6c749fa6c6fccbabee3c5b1 av-link-btn avia-icon_select-no avia-size-small avia-position-left avia-color-theme-color'   aria-label=\"Saber mais\"><span class='avia_iconbox_title' >Saber mais<\/span><\/a><\/div><\/p><\/div><div  class='flex_column av-p615r-f75590e7439fa68f031a5f0d729230f9 av_one_fifth  avia-builder-el-19  el_after_av_one_fifth  el_before_av_one_fifth  flex_column_div  '     ><p>\n<style type=\"text\/css\" data-created_by=\"avia_inline_auto\" id=\"style-css-av-23wwf-c36f2b64421efdef86b5ae2c4703a22f\">\n.avia-image-container.av-23wwf-c36f2b64421efdef86b5ae2c4703a22f img.avia_image{\nbox-shadow:none;\n}\n.avia-image-container.av-23wwf-c36f2b64421efdef86b5ae2c4703a22f .av-image-caption-overlay-center{\ncolor:#ffffff;\n}\n<\/style>\n<div  class='avia-image-container av-23wwf-c36f2b64421efdef86b5ae2c4703a22f av-styling- avia-align-center  avia-builder-el-20  el_before_av_heading  avia-builder-el-first '   itemprop=\"image\" itemscope=\"itemscope\" itemtype=\"https:\/\/schema.org\/ImageObject\" ><div class=\"avia-image-container-inner\"><div class=\"avia-image-overlay-wrap\"><img decoding=\"async\" fetchpriority=\"high\" class='wp-image-1730 avia-img-lazy-loading-not-1730 avia_image ' src=\"https:\/\/www.ethosvirtual.com\/wp-content\/uploads\/2022\/11\/Ethos-1500x1000-10-495x400.jpg\" alt='' title='Ethos-1500x1000-10'  height=\"400\" width=\"495\"  itemprop=\"thumbnailUrl\" srcset=\"https:\/\/www.ethosvirtual.com\/wp-content\/uploads\/2022\/11\/Ethos-1500x1000-10-495x400.jpg 495w, https:\/\/www.ethosvirtual.com\/wp-content\/uploads\/2022\/11\/Ethos-1500x1000-10-845x684.jpg 845w\" sizes=\"(max-width: 495px) 100vw, 495px\" \/><\/div><\/div><\/div><br \/>\n\n<style type=\"text\/css\" data-created_by=\"avia_inline_auto\" id=\"style-css-av-lad0qrcr-cb6a03d9002297ede03502b5914ce7cb\">\n#top .av-special-heading.av-lad0qrcr-cb6a03d9002297ede03502b5914ce7cb{\npadding-bottom:10px;\n}\nbody .av-special-heading.av-lad0qrcr-cb6a03d9002297ede03502b5914ce7cb .av-special-heading-tag .heading-char{\nfont-size:25px;\n}\n.av-special-heading.av-lad0qrcr-cb6a03d9002297ede03502b5914ce7cb .av-subheading{\nfont-size:15px;\n}\n<\/style>\n<div  class='av-special-heading av-lad0qrcr-cb6a03d9002297ede03502b5914ce7cb av-special-heading-h3  avia-builder-el-21  el_after_av_image  el_before_av_textblock '><h3 class='av-special-heading-tag '  itemprop=\"headline\"  >Intelig\u00eancia Empresarial<\/h3><div class=\"special-heading-border\"><div class=\"special-heading-inner-border\"><\/div><\/div><\/div><br \/>\n<section  class='av_textblock_section av-lad0s8xz-17bc271ea2499a8da8dcb5ff6184eb12 '   itemscope=\"itemscope\" itemtype=\"https:\/\/schema.org\/CreativeWork\" ><div class='avia_textblock'  itemprop=\"text\" ><ul>\n<li>Pain\u00e9is do Microsoft Power BI<\/li>\n<li>Treinamento em Microsoft Power BI<\/li>\n<li>Servi\u00e7os de relat\u00f3rios SQL<\/li>\n<li>Treinamento em SQL Server Reporting Services<\/li>\n<\/ul>\n<div><\/div>\n<\/div><\/section><br \/>\n<div  class='avia-button-wrap av-lad18ju7-45f5674dc6a211c176d72875a8f71e33-wrap avia-button-left  avia-builder-el-23  el_after_av_textblock  avia-builder-el-last '><a href='https:\/\/www.ethosvirtual.com\/pt-br\/servicos\/inteligencia-empresarial\/'  class='avia-button av-lad18ju7-45f5674dc6a211c176d72875a8f71e33 av-link-btn avia-icon_select-no avia-size-small avia-position-left avia-color-theme-color'   aria-label=\"Saber mais\"><span class='avia_iconbox_title' >Saber mais<\/span><\/a><\/div><\/p><\/div><div  class='flex_column av-hdfb3-c947d17019aef4ebd6369f7010819ff6 av_one_fifth  avia-builder-el-24  el_after_av_one_fifth  avia-builder-el-last  flex_column_div  '     ><p>\n<style type=\"text\/css\" data-created_by=\"avia_inline_auto\" id=\"style-css-av-6yjxr-ba4898e1296d7027405bd3be5038c498\">\n.avia-image-container.av-6yjxr-ba4898e1296d7027405bd3be5038c498 img.avia_image{\nbox-shadow:none;\n}\n.avia-image-container.av-6yjxr-ba4898e1296d7027405bd3be5038c498 .av-image-caption-overlay-center{\ncolor:#ffffff;\n}\n<\/style>\n<div  class='avia-image-container av-6yjxr-ba4898e1296d7027405bd3be5038c498 av-styling- avia-align-center  avia-builder-el-25  el_before_av_heading  avia-builder-el-first '   itemprop=\"image\" itemscope=\"itemscope\" itemtype=\"https:\/\/schema.org\/ImageObject\" ><div class=\"avia-image-container-inner\"><div class=\"avia-image-overlay-wrap\"><img decoding=\"async\" fetchpriority=\"high\" class='wp-image-1735 avia-img-lazy-loading-not-1735 avia_image ' src=\"https:\/\/www.ethosvirtual.com\/wp-content\/uploads\/2022\/11\/Ethos-1500x1000-16-495x400.jpg\" alt='' title='Ethos-1500x1000-16'  height=\"400\" width=\"495\"  itemprop=\"thumbnailUrl\" srcset=\"https:\/\/www.ethosvirtual.com\/wp-content\/uploads\/2022\/11\/Ethos-1500x1000-16-495x400.jpg 495w, https:\/\/www.ethosvirtual.com\/wp-content\/uploads\/2022\/11\/Ethos-1500x1000-16-845x684.jpg 845w\" sizes=\"(max-width: 495px) 100vw, 495px\" \/><\/div><\/div><\/div><br \/>\n\n<style type=\"text\/css\" data-created_by=\"avia_inline_auto\" id=\"style-css-av-lad0tgpq-4e1e74cbb566411a9a0c03bb27454f9e\">\n#top .av-special-heading.av-lad0tgpq-4e1e74cbb566411a9a0c03bb27454f9e{\npadding-bottom:10px;\n}\nbody .av-special-heading.av-lad0tgpq-4e1e74cbb566411a9a0c03bb27454f9e .av-special-heading-tag .heading-char{\nfont-size:25px;\n}\n.av-special-heading.av-lad0tgpq-4e1e74cbb566411a9a0c03bb27454f9e .av-subheading{\nfont-size:15px;\n}\n<\/style>\n<div  class='av-special-heading av-lad0tgpq-4e1e74cbb566411a9a0c03bb27454f9e av-special-heading-h3  avia-builder-el-26  el_after_av_image  el_before_av_textblock '><h3 class='av-special-heading-tag '  itemprop=\"headline\"  >Gerenciamento de TI<\/h3><div class=\"special-heading-border\"><div class=\"special-heading-inner-border\"><\/div><\/div><\/div><br \/>\n<section  class='av_textblock_section av-lad0u2zs-51612691571cfe3fa9cce520d62b87be '   itemscope=\"itemscope\" itemtype=\"https:\/\/schema.org\/CreativeWork\" ><div class='avia_textblock'  itemprop=\"text\" ><ul>\n<li>Estrat\u00e9gia corporativa<\/li>\n<li>Controle de or\u00e7amento<\/li>\n<li>Mapeamento de fluxo de trabalho<\/li>\n<li>e mais&#8230;<\/li>\n<\/ul>\n<div><\/div>\n<\/div><\/section><br \/>\n<div  class='avia-button-wrap av-lad18w3p-eb918d403444bfeb550fd5ebed2f6aac-wrap avia-button-left  avia-builder-el-28  el_after_av_textblock  avia-builder-el-last '><a href='https:\/\/www.ethosvirtual.com\/pt-br\/servicos\/gerenciamento-de-ti\/'  class='avia-button av-lad18w3p-eb918d403444bfeb550fd5ebed2f6aac av-link-btn avia-icon_select-no avia-size-small avia-position-left avia-color-theme-color'   aria-label=\"Saber mais\"><span class='avia_iconbox_title' >Saber mais<\/span><\/a><\/div><\/p><\/div>\n\n<\/div><\/div><\/div><!-- close content main div --><\/div><\/div>\n<style type=\"text\/css\" data-created_by=\"avia_inline_auto\" id=\"style-css-av-av_section-e5ceefe0e26a673d898d9ae0457ea931\">\n.avia-section.av-av_section-e5ceefe0e26a673d898d9ae0457ea931{\nbackground-color:#545454;\nbackground-image:unset;\n}\n<\/style>\n<div id='av_section_2'  class='avia-section av-av_section-e5ceefe0e26a673d898d9ae0457ea931 alternate_color avia-section-default avia-no-border-styling  avia-builder-el-29  el_after_av_section  avia-builder-el-last  avia-bg-style-scroll container_wrap sidebar_right'  ><div class='container av-section-cont-open' ><div class='template-page content  av-content-small alpha units'><div class='post-entry post-entry-type-page post-entry-1842'><div class='entry-content-wrapper clearfix'>\n<div  class='flex_column av-av_one_third-a961ec8c42a44a397321d1a2224da3ca av_one_third  avia-builder-el-30  el_before_av_one_third  avia-builder-el-first  first flex_column_div  '     ><p>\n<style type=\"text\/css\" data-created_by=\"avia_inline_auto\" id=\"style-css-av-av_font_icon-26e4772089338c1e85779959defe535e\">\n.av_font_icon.av-av_font_icon-26e4772089338c1e85779959defe535e{\ncolor:#ffffff;\nborder-color:#ffffff;\n}\n.av_font_icon.av-av_font_icon-26e4772089338c1e85779959defe535e .av-icon-char{\nfont-size:60px;\nline-height:60px;\n}\n<\/style>\n<span  class='av_font_icon av-av_font_icon-26e4772089338c1e85779959defe535e avia_animate_when_visible av-icon-style- avia-icon-pos-center avia-icon-animate'><span class='av-icon-char' aria-hidden='true' data-av_icon='\ue8b9' data-av_iconfont='entypo-fontello' ><\/span><\/span><br \/>\n\n<style type=\"text\/css\" data-created_by=\"avia_inline_auto\" id=\"style-css-av-av_hr-50edc9949d927eab467680f201044eec\">\n#top .hr.hr-invisible.av-av_hr-50edc9949d927eab467680f201044eec{\nheight:25px;\n}\n<\/style>\n<div  class='hr av-av_hr-50edc9949d927eab467680f201044eec hr-invisible  avia-builder-el-32  el_after_av_font_icon  el_before_av_animated_numbers '><span class='hr-inner '><span class=\"hr-inner-style\"><\/span><\/span><\/div><br \/>\n<a href='https:\/\/www.ethosvirtual.com\/pt-br\/sobre\/'  title=\"\"  class=\"avia-animated-number av-av_animated_numbers-41a571bdddf09318eececa0ca360ca27 av-force-default-color avia_animate_when_visible  avia-builder-el-33  el_after_av_hr  avia-builder-el-last  \" data-timer=\"3000\"><strong class=\"heading avia-animated-number-title\"><span class=\"avia-no-number\">Monitoramento <\/span><span class=\"avia-single-number __av-single-number\" data-number_format=\"\" data-number=\"24\" data-start_from=\"0\">24<\/span><span class=\"avia-no-number\">\/<\/span><span class=\"avia-single-number __av-single-number\" data-number_format=\"\" data-number=\"7\" data-start_from=\"0\">7<\/span><\/strong><div class=\"avia-animated-number-content\"><p>Prontid\u00e3o proativa para opera\u00e7\u00f5es de rede<\/p>\n<\/div><\/a><\/p><\/div>\n<style type=\"text\/css\" data-created_by=\"avia_inline_auto\" id=\"style-css-av-av_one_third-f8e2ff338a6316ec1d6f038a27efb155\">\n@keyframes av_boxShadowEffect_av-av_one_third-f8e2ff338a6316ec1d6f038a27efb155-column {\n0%   { box-shadow:  0 0 0 0 ; opacity: 1; }\n100% { box-shadow:  0 0 10px 0 ; opacity: 1; }\n}\n<\/style>\n<div  class='flex_column av-av_one_third-f8e2ff338a6316ec1d6f038a27efb155 av_one_third  avia-builder-el-34  el_after_av_one_third  el_before_av_one_third  flex_column_div  '     ><p>\n<style type=\"text\/css\" data-created_by=\"avia_inline_auto\" id=\"style-css-av-av_font_icon-5cf869fe852be89840d97e508838e1c3\">\n.av_font_icon.av-av_font_icon-5cf869fe852be89840d97e508838e1c3{\ncolor:#ffffff;\nborder-color:#ffffff;\n}\n.av_font_icon.av-av_font_icon-5cf869fe852be89840d97e508838e1c3 .av-icon-char{\nfont-size:60px;\nline-height:60px;\n}\n<\/style>\n<span  class='av_font_icon av-av_font_icon-5cf869fe852be89840d97e508838e1c3 avia_animate_when_visible av-icon-style- avia-icon-pos-center avia-icon-animate'><span class='av-icon-char' aria-hidden='true' data-av_icon='\ue862' data-av_iconfont='entypo-fontello' ><\/span><\/span><br \/>\n\n<style type=\"text\/css\" data-created_by=\"avia_inline_auto\" id=\"style-css-av-av_hr-50edc9949d927eab467680f201044eec\">\n#top .hr.hr-invisible.av-av_hr-50edc9949d927eab467680f201044eec{\nheight:25px;\n}\n<\/style>\n<div  class='hr av-av_hr-50edc9949d927eab467680f201044eec hr-invisible  avia-builder-el-36  el_after_av_font_icon  el_before_av_animated_numbers '><span class='hr-inner '><span class=\"hr-inner-style\"><\/span><\/span><\/div><br \/>\n<div  class=\"avia-animated-number av-av_animated_numbers-2a51e820366fbc49cd2a5de0b11ebbf4 av-force-default-color avia_animate_when_visible  avia-builder-el-37  el_after_av_hr  avia-builder-el-last  \" data-timer=\"3000\"><strong class=\"heading avia-animated-number-title\"><span class=\"avia-single-number __av-single-number\" data-number_format=\"\" data-number=\"19\" data-start_from=\"0\">19<\/span><span class=\"avia-no-number\"> anos no mercado<\/span><\/strong><div class=\"avia-animated-number-content\"><p>Suporte de TI orientado a valor desde 2004<\/p>\n<\/div><\/div><\/p><\/div><div  class='flex_column av-av_one_third-e38f08a368d22f46ed35f78008f927bf av_one_third  avia-builder-el-38  el_after_av_one_third  avia-builder-el-last  flex_column_div  '     ><p>\n<style type=\"text\/css\" data-created_by=\"avia_inline_auto\" id=\"style-css-av-av_font_icon-6ba942ee4bb38f35f4eaf6b29845b65e\">\n.av_font_icon.av-av_font_icon-6ba942ee4bb38f35f4eaf6b29845b65e{\ncolor:#ffffff;\nborder-color:#ffffff;\n}\n.av_font_icon.av-av_font_icon-6ba942ee4bb38f35f4eaf6b29845b65e .av-icon-char{\nfont-size:60px;\nline-height:60px;\n}\n<\/style>\n<span  class='av_font_icon av-av_font_icon-6ba942ee4bb38f35f4eaf6b29845b65e avia_animate_when_visible av-icon-style- avia-icon-pos-center avia-icon-animate'><span class='av-icon-char' aria-hidden='true' data-av_icon='\ue856' data-av_iconfont='entypo-fontello' ><\/span><\/span><br \/>\n\n<style type=\"text\/css\" data-created_by=\"avia_inline_auto\" id=\"style-css-av-av_hr-50edc9949d927eab467680f201044eec\">\n#top .hr.hr-invisible.av-av_hr-50edc9949d927eab467680f201044eec{\nheight:25px;\n}\n<\/style>\n<div  class='hr av-av_hr-50edc9949d927eab467680f201044eec hr-invisible  avia-builder-el-40  el_after_av_font_icon  el_before_av_animated_numbers '><span class='hr-inner '><span class=\"hr-inner-style\"><\/span><\/span><\/div><br \/>\n<div  class=\"avia-animated-number av-av_animated_numbers-5001af67cb6d2910459616ca090dab00 av-force-default-color avia_animate_when_visible  avia-builder-el-41  el_after_av_hr  avia-builder-el-last  \" data-timer=\"3000\"><strong class=\"heading avia-animated-number-title\"><span class=\"avia-single-number __av-single-number\" data-number_format=\"\" data-number=\"2691\" data-start_from=\"0\">2691<\/span><span class=\"avia-no-number\"> usu\u00e1rios suportados<\/span><\/strong><div class=\"avia-animated-number-content\"><p>Servi\u00e7os de helpdesk B2B sob demanda<\/p>\n<\/div><\/div><\/p><\/div>\n<\/div><\/div><\/div><!-- close content main div --><\/div><\/div><div id='after_section_2'  class='main_color av_default_container_wrap container_wrap sidebar_right'  ><div class='container av-section-cont-open' ><div class='template-page content  av-content-small alpha units'><div class='post-entry post-entry-type-page post-entry-1842'><div class='entry-content-wrapper clearfix'>\n","protected":false},"excerpt":{"rendered":"","protected":false},"author":3,"featured_media":0,"parent":0,"menu_order":20,"comment_status":"closed","ping_status":"closed","template":"","meta":{"footnotes":""},"class_list":["post-1842","page","type-page","status-publish","hentry"],"_links":{"self":[{"href":"https:\/\/www.ethosvirtual.com\/pt-br\/wp-json\/wp\/v2\/pages\/1842","targetHints":{"allow":["GET"]}}],"collection":[{"href":"https:\/\/www.ethosvirtual.com\/pt-br\/wp-json\/wp\/v2\/pages"}],"about":[{"href":"https:\/\/www.ethosvirtual.com\/pt-br\/wp-json\/wp\/v2\/types\/page"}],"author":[{"embeddable":true,"href":"https:\/\/www.ethosvirtual.com\/pt-br\/wp-json\/wp\/v2\/users\/3"}],"replies":[{"embeddable":true,"href":"https:\/\/www.ethosvirtual.com\/pt-br\/wp-json\/wp\/v2\/comments?post=1842"}],"version-history":[{"count":6,"href":"https:\/\/www.ethosvirtual.com\/pt-br\/wp-json\/wp\/v2\/pages\/1842\/revisions"}],"predecessor-version":[{"id":2476,"href":"https:\/\/www.ethosvirtual.com\/pt-br\/wp-json\/wp\/v2\/pages\/1842\/revisions\/2476"}],"wp:attachment":[{"href":"https:\/\/www.ethosvirtual.com\/pt-br\/wp-json\/wp\/v2\/media?parent=1842"}],"curies":[{"name":"wp","href":"https:\/\/api.w.org\/{rel}","templated":true}]}}