{"id":1844,"date":"2022-07-17T16:20:10","date_gmt":"2022-07-17T23:20:10","guid":{"rendered":"https:\/\/32dd069598.nxcli.io\/solucoes\/"},"modified":"2024-06-20T05:29:33","modified_gmt":"2024-06-20T12:29:33","slug":"solucoes","status":"publish","type":"page","link":"https:\/\/www.ethosvirtual.com\/pt-br\/solucoes\/","title":{"rendered":"Solu\u00e7\u00f5es"},"content":{"rendered":"<div id='layer_slider_1'  class='avia-layerslider main_color avia-shadow  avia-builder-el-0  el_before_av_section  avia-builder-el-first  container_wrap sidebar_right'  style='height: 101px;'  ><\/div>\n\n<style type=\"text\/css\" data-created_by=\"avia_inline_auto\" id=\"style-css-av-ada5p-837b4b1115dde2a3b3dbed50c7edf29b\">\n.avia-section.av-ada5p-837b4b1115dde2a3b3dbed50c7edf29b{\nbackground-repeat:no-repeat;\nbackground-image:url(https:\/\/www.ethosvirtual.com\/wp-content\/uploads\/2022\/07\/bg-E.png);\nbackground-position:0% 100%;\nbackground-attachment:scroll;\n}\n<\/style>\n<div id='av_section_1'  class='avia-section av-ada5p-837b4b1115dde2a3b3dbed50c7edf29b main_color avia-section-default avia-no-border-styling  avia-builder-el-1  el_after_av_layerslider  avia-builder-el-last  avia-bg-style-scroll container_wrap sidebar_right'  data-section-bg-repeat='no-repeat'><div class='container av-section-cont-open' ><div class='template-page content  av-content-small alpha units'><div class='post-entry post-entry-type-page post-entry-1844'><div class='entry-content-wrapper clearfix'>\n\n<style type=\"text\/css\" data-created_by=\"avia_inline_auto\" id=\"style-css-av-lad2wxt6-134ef06f4dc094578018570ecc42e3db\">\n#top .av-special-heading.av-lad2wxt6-134ef06f4dc094578018570ecc42e3db{\npadding-bottom:0;\n}\nbody .av-special-heading.av-lad2wxt6-134ef06f4dc094578018570ecc42e3db .av-special-heading-tag .heading-char{\nfont-size:25px;\n}\n.av-special-heading.av-lad2wxt6-134ef06f4dc094578018570ecc42e3db .av-subheading{\nfont-size:15px;\n}\n<\/style>\n<div  class='av-special-heading av-lad2wxt6-134ef06f4dc094578018570ecc42e3db av-special-heading-h1 blockquote modern-quote modern-centered  avia-builder-el-2  el_before_av_hr  avia-builder-el-first '><h1 class='av-special-heading-tag '  itemprop=\"headline\"  >Solu\u00e7\u00f5es<\/h1><div class='av-subheading av-subheading_below'><p>Solu\u00e7\u00f5es completas para desafios empresariais relacionados \u00e0 tecnologia.<\/p>\n<\/div><div class=\"special-heading-border\"><div class=\"special-heading-inner-border\"><\/div><\/div><\/div>\n\n<style type=\"text\/css\" data-created_by=\"avia_inline_auto\" id=\"style-css-av-2rcgz1-b9cb81c29f6ceac2b125cfc2850b96bc\">\n#top .hr.hr-invisible.av-2rcgz1-b9cb81c29f6ceac2b125cfc2850b96bc{\nheight:50px;\n}\n<\/style>\n<div  class='hr av-2rcgz1-b9cb81c29f6ceac2b125cfc2850b96bc hr-invisible  avia-builder-el-3  el_after_av_heading  el_before_av_one_fifth '><span class='hr-inner '><span class=\"hr-inner-style\"><\/span><\/span><\/div>\n<div  class='flex_column av-2k84kt-4cf787f24bb25526da0cd1c8fe2ae5af av_one_fifth  avia-builder-el-4  el_after_av_hr  el_before_av_one_fifth  first flex_column_div  '     ><p>\n<style type=\"text\/css\" data-created_by=\"avia_inline_auto\" id=\"style-css-av-2frkhh-2c1351e1e714a629938e081b6e3990a0\">\n.avia-image-container.av-2frkhh-2c1351e1e714a629938e081b6e3990a0 img.avia_image{\nbox-shadow:none;\n}\n.avia-image-container.av-2frkhh-2c1351e1e714a629938e081b6e3990a0 .av-image-caption-overlay-center{\ncolor:#ffffff;\n}\n<\/style>\n<div  class='avia-image-container av-2frkhh-2c1351e1e714a629938e081b6e3990a0 av-styling- avia-align-center  avia-builder-el-5  el_before_av_heading  avia-builder-el-first '   itemprop=\"image\" itemscope=\"itemscope\" itemtype=\"https:\/\/schema.org\/ImageObject\" ><div class=\"avia-image-container-inner\"><div class=\"avia-image-overlay-wrap\"><img decoding=\"async\" fetchpriority=\"high\" class='wp-image-1725 avia-img-lazy-loading-not-1725 avia_image ' src=\"https:\/\/www.ethosvirtual.com\/wp-content\/uploads\/2022\/11\/Ethos-1500x1000-5-495x400.jpg\" alt='' title='Ethos-1500x1000-5'  height=\"400\" width=\"495\"  itemprop=\"thumbnailUrl\" srcset=\"https:\/\/www.ethosvirtual.com\/wp-content\/uploads\/2022\/11\/Ethos-1500x1000-5-495x400.jpg 495w, https:\/\/www.ethosvirtual.com\/wp-content\/uploads\/2022\/11\/Ethos-1500x1000-5-845x684.jpg 845w\" sizes=\"(max-width: 495px) 100vw, 495px\" \/><\/div><\/div><\/div><br \/>\n\n<style type=\"text\/css\" data-created_by=\"avia_inline_auto\" id=\"style-css-av-lad31w72-1c6af49b3b44aab4c766b615832df59a\">\n#top .av-special-heading.av-lad31w72-1c6af49b3b44aab4c766b615832df59a{\npadding-bottom:10px;\n}\nbody .av-special-heading.av-lad31w72-1c6af49b3b44aab4c766b615832df59a .av-special-heading-tag .heading-char{\nfont-size:25px;\n}\n.av-special-heading.av-lad31w72-1c6af49b3b44aab4c766b615832df59a .av-subheading{\nfont-size:15px;\n}\n<\/style>\n<div  class='av-special-heading av-lad31w72-1c6af49b3b44aab4c766b615832df59a av-special-heading-h3 blockquote modern-quote  avia-builder-el-6  el_after_av_image  el_before_av_textblock '><h3 class='av-special-heading-tag '  itemprop=\"headline\"  >BaaS<\/h3><div class='av-subheading av-subheading_below'><p>BACKUP COMO SERVI\u00c7O<\/p>\n<\/div><div class=\"special-heading-border\"><div class=\"special-heading-inner-border\"><\/div><\/div><\/div><br \/>\n<section  class='av_textblock_section av-lad3m1yn-7bc630a0aaf067ded390b35b701dc7c9 '   itemscope=\"itemscope\" itemtype=\"https:\/\/schema.org\/CreativeWork\" ><div class='avia_textblock'  itemprop=\"text\" ><p>Com o Backup as a Service da Ethos, fornecemos armazenamento em nuvem seguro para sua empresa e g<span class=\"ILfuVd\" lang=\"en\"><span class=\"hgKElc\">erenciamos a infraestrutura de backup e recupera\u00e7\u00e3o, software e servi\u00e7os de suporte necess\u00e1rios para garantir uma recupera\u00e7\u00e3o perfeita de desastres.<\/span><\/span><\/p>\n<div><\/div>\n<div><\/div>\n<\/div><\/section><br \/>\n<div  class='avia-button-wrap av-28rnt9-105c27167702ca847fa19054906b4282-wrap avia-button-left  avia-builder-el-8  el_after_av_textblock  avia-builder-el-last '><a href='https:\/\/www.ethosvirtual.com\/it-infrastructure\/'  class='avia-button av-28rnt9-105c27167702ca847fa19054906b4282 av-link-btn avia-icon_select-no avia-size-small avia-position-left avia-color-theme-color'   aria-label=\"Saber mais\"><span class='avia_iconbox_title' >Saber mais<\/span><\/a><\/div><\/p><\/div><div  class='flex_column av-215mud-5d6f22bdf6713eb7803858c7817d1b3a av_one_fifth  avia-builder-el-9  el_after_av_one_fifth  el_before_av_one_fifth  flex_column_div  '     ><p>\n<style type=\"text\/css\" data-created_by=\"avia_inline_auto\" id=\"style-css-av-1xplkd-fc5f76adadbf14ababeacd66d14554d3\">\n.avia-image-container.av-1xplkd-fc5f76adadbf14ababeacd66d14554d3 img.avia_image{\nbox-shadow:none;\n}\n.avia-image-container.av-1xplkd-fc5f76adadbf14ababeacd66d14554d3 .av-image-caption-overlay-center{\ncolor:#ffffff;\n}\n<\/style>\n<div  class='avia-image-container av-1xplkd-fc5f76adadbf14ababeacd66d14554d3 av-styling- avia-align-center  avia-builder-el-10  el_before_av_heading  avia-builder-el-first '   itemprop=\"image\" itemscope=\"itemscope\" itemtype=\"https:\/\/schema.org\/ImageObject\" ><div class=\"avia-image-container-inner\"><div class=\"avia-image-overlay-wrap\"><img decoding=\"async\" fetchpriority=\"high\" class='wp-image-1737 avia-img-lazy-loading-not-1737 avia_image ' src=\"https:\/\/www.ethosvirtual.com\/wp-content\/uploads\/2022\/11\/Ethos-1500x1000-18-495x400.jpg\" alt='' title='Ethos-1500x1000-18'  height=\"400\" width=\"495\"  itemprop=\"thumbnailUrl\" srcset=\"https:\/\/www.ethosvirtual.com\/wp-content\/uploads\/2022\/11\/Ethos-1500x1000-18-495x400.jpg 495w, https:\/\/www.ethosvirtual.com\/wp-content\/uploads\/2022\/11\/Ethos-1500x1000-18-845x684.jpg 845w\" sizes=\"(max-width: 495px) 100vw, 495px\" \/><\/div><\/div><\/div><br \/>\n\n<style type=\"text\/css\" data-created_by=\"avia_inline_auto\" id=\"style-css-av-1r9wil-93f9041ee85edae681f8009bf64b17fd\">\n#top .av-special-heading.av-1r9wil-93f9041ee85edae681f8009bf64b17fd{\npadding-bottom:10px;\n}\nbody .av-special-heading.av-1r9wil-93f9041ee85edae681f8009bf64b17fd .av-special-heading-tag .heading-char{\nfont-size:25px;\n}\n.av-special-heading.av-1r9wil-93f9041ee85edae681f8009bf64b17fd .av-subheading{\nfont-size:15px;\n}\n<\/style>\n<div  class='av-special-heading av-1r9wil-93f9041ee85edae681f8009bf64b17fd av-special-heading-h3 blockquote modern-quote  avia-builder-el-11  el_after_av_image  el_before_av_textblock '><h3 class='av-special-heading-tag '  itemprop=\"headline\"  >FWaaS<\/h3><div class='av-subheading av-subheading_below'><p>FIREWALL COMO SERVI\u00c7O<\/p>\n<\/div><div class=\"special-heading-border\"><div class=\"special-heading-inner-border\"><\/div><\/div><\/div><br \/>\n<section  class='av_textblock_section av-lad46578-7ec187208b9ac55793549d14eaeed74d '   itemscope=\"itemscope\" itemtype=\"https:\/\/schema.org\/CreativeWork\" ><div class='avia_textblock'  itemprop=\"text\" ><p>Um firewall \u00e9 o que separa a rede da sua empresa do mundo externo. O Ethos &#8220;Firewall as a Service&#8221; coloca essa funcionalidade na nuvem, onde a prote\u00e7\u00e3o de suas redes pode ser monitorada remotamente em nosso Centro de Opera\u00e7\u00f5es de Rede.<\/p>\n<\/div><\/section><br \/>\n<div  class='avia-button-wrap av-lad4gfik-24d00ecb3b74b8f7f629fbdd8b76bf67-wrap avia-button-left  avia-builder-el-13  el_after_av_textblock  avia-builder-el-last '><a href='https:\/\/www.ethosvirtual.com\/solutions\/firewall-as-a-service\/'  class='avia-button av-lad4gfik-24d00ecb3b74b8f7f629fbdd8b76bf67 av-link-btn avia-icon_select-no avia-size-small avia-position-left avia-color-theme-color'   aria-label=\"Saber mais\"><span class='avia_iconbox_title' >Saber mais<\/span><\/a><\/div><\/p><\/div><div  class='flex_column av-5oopp-72dddfc0817afd0d9aeec5f271a8cc70 av_one_fifth  avia-builder-el-14  el_after_av_one_fifth  el_before_av_one_fifth  flex_column_div  '     ><p>\n<style type=\"text\/css\" data-created_by=\"avia_inline_auto\" id=\"style-css-av-1fcgn1-9b06b2a90a97050d3a6b79b967c74210\">\n.avia-image-container.av-1fcgn1-9b06b2a90a97050d3a6b79b967c74210 img.avia_image{\nbox-shadow:none;\n}\n.avia-image-container.av-1fcgn1-9b06b2a90a97050d3a6b79b967c74210 .av-image-caption-overlay-center{\ncolor:#ffffff;\n}\n<\/style>\n<div  class='avia-image-container av-1fcgn1-9b06b2a90a97050d3a6b79b967c74210 av-styling- avia-align-center  avia-builder-el-15  el_before_av_heading  avia-builder-el-first '   itemprop=\"image\" itemscope=\"itemscope\" itemtype=\"https:\/\/schema.org\/ImageObject\" ><div class=\"avia-image-container-inner\"><div class=\"avia-image-overlay-wrap\"><img decoding=\"async\" fetchpriority=\"high\" class='wp-image-1723 avia-img-lazy-loading-not-1723 avia_image ' src=\"https:\/\/www.ethosvirtual.com\/wp-content\/uploads\/2022\/11\/Ethos-1500x1000-3-495x400.jpg\" alt='' title='Ethos-1500x1000-3'  height=\"400\" width=\"495\"  itemprop=\"thumbnailUrl\" srcset=\"https:\/\/www.ethosvirtual.com\/wp-content\/uploads\/2022\/11\/Ethos-1500x1000-3-495x400.jpg 495w, https:\/\/www.ethosvirtual.com\/wp-content\/uploads\/2022\/11\/Ethos-1500x1000-3-845x684.jpg 845w\" sizes=\"(max-width: 495px) 100vw, 495px\" \/><\/div><\/div><\/div><br \/>\n\n<style type=\"text\/css\" data-created_by=\"avia_inline_auto\" id=\"style-css-av-18k199-d90cc3af5b229bc607a41ff81a9f00d6\">\n#top .av-special-heading.av-18k199-d90cc3af5b229bc607a41ff81a9f00d6{\npadding-bottom:10px;\n}\nbody .av-special-heading.av-18k199-d90cc3af5b229bc607a41ff81a9f00d6 .av-special-heading-tag .heading-char{\nfont-size:25px;\n}\n.av-special-heading.av-18k199-d90cc3af5b229bc607a41ff81a9f00d6 .av-subheading{\nfont-size:15px;\n}\n<\/style>\n<div  class='av-special-heading av-18k199-d90cc3af5b229bc607a41ff81a9f00d6 av-special-heading-h3 blockquote modern-quote  avia-builder-el-16  el_after_av_image  el_before_av_textblock '><h3 class='av-special-heading-tag '  itemprop=\"headline\"  >Aluguel de Computadores<\/h3><div class='av-subheading av-subheading_below'><p>AS FERRAMENTAS QUE VOC\u00ca PRECISA, AGORA<\/p>\n<\/div><div class=\"special-heading-border\"><div class=\"special-heading-inner-border\"><\/div><\/div><\/div><br \/>\n<section  class='av_textblock_section av-lad3vs0h-1b738362dbd39ad58197637472fdcbdd '   itemscope=\"itemscope\" itemtype=\"https:\/\/schema.org\/CreativeWork\" ><div class='avia_textblock'  itemprop=\"text\" ><p>Coloque seu neg\u00f3cio em funcionamento rapidamente, sem gastar muito, equipando sua for\u00e7a de trabalho com computadores do servi\u00e7o de aluguel da Ethos.<\/p>\n<\/div><\/section><br \/>\n<div  class='avia-button-wrap av-3uh85-36569801698de8b52b36794b0f0bbb4e-wrap avia-button-left  avia-builder-el-18  el_after_av_textblock  avia-builder-el-last '><a href='https:\/\/www.ethosvirtual.com\/services\/cyber-security\/'  class='avia-button av-3uh85-36569801698de8b52b36794b0f0bbb4e av-link-btn avia-icon_select-no avia-size-small avia-position-left avia-color-theme-color'   aria-label=\"Saber mais\"><span class='avia_iconbox_title' >Saber mais<\/span><\/a><\/div><\/p><\/div><div  class='flex_column av-xhnfp-a7c00bd0cad6e002ee5659cb0e2cb615 av_one_fifth  avia-builder-el-19  el_after_av_one_fifth  el_before_av_one_fifth  flex_column_div  '     ><p>\n<style type=\"text\/css\" data-created_by=\"avia_inline_auto\" id=\"style-css-av-p1qul-11b3b3ede89bf07cc22bff86172cecf0\">\n.avia-image-container.av-p1qul-11b3b3ede89bf07cc22bff86172cecf0 img.avia_image{\nbox-shadow:none;\n}\n.avia-image-container.av-p1qul-11b3b3ede89bf07cc22bff86172cecf0 .av-image-caption-overlay-center{\ncolor:#ffffff;\n}\n<\/style>\n<div  class='avia-image-container av-p1qul-11b3b3ede89bf07cc22bff86172cecf0 av-styling- avia-align-center  avia-builder-el-20  el_before_av_heading  avia-builder-el-first '   itemprop=\"image\" itemscope=\"itemscope\" itemtype=\"https:\/\/schema.org\/ImageObject\" ><div class=\"avia-image-container-inner\"><div class=\"avia-image-overlay-wrap\"><img decoding=\"async\" fetchpriority=\"high\" class='wp-image-1730 avia-img-lazy-loading-not-1730 avia_image ' src=\"https:\/\/www.ethosvirtual.com\/wp-content\/uploads\/2022\/11\/Ethos-1500x1000-10-495x400.jpg\" alt='' title='Ethos-1500x1000-10'  height=\"400\" width=\"495\"  itemprop=\"thumbnailUrl\" srcset=\"https:\/\/www.ethosvirtual.com\/wp-content\/uploads\/2022\/11\/Ethos-1500x1000-10-495x400.jpg 495w, https:\/\/www.ethosvirtual.com\/wp-content\/uploads\/2022\/11\/Ethos-1500x1000-10-845x684.jpg 845w\" sizes=\"(max-width: 495px) 100vw, 495px\" \/><\/div><\/div><\/div><br \/>\n\n<style type=\"text\/css\" data-created_by=\"avia_inline_auto\" id=\"style-css-av-mkfkl-591891dab92503fae7e149bf273e3800\">\n#top .av-special-heading.av-mkfkl-591891dab92503fae7e149bf273e3800{\npadding-bottom:10px;\n}\nbody .av-special-heading.av-mkfkl-591891dab92503fae7e149bf273e3800 .av-special-heading-tag .heading-char{\nfont-size:25px;\n}\n.av-special-heading.av-mkfkl-591891dab92503fae7e149bf273e3800 .av-subheading{\nfont-size:15px;\n}\n<\/style>\n<div  class='av-special-heading av-mkfkl-591891dab92503fae7e149bf273e3800 av-special-heading-h3 blockquote modern-quote  avia-builder-el-21  el_after_av_image  el_before_av_textblock '><h3 class='av-special-heading-tag '  itemprop=\"headline\"  >Licenciamento de software<\/h3><div class='av-subheading av-subheading_below'><p>MICROSOFT DESKTOPS &amp; SERVER CALS<\/p>\n<\/div><div class=\"special-heading-border\"><div class=\"special-heading-inner-border\"><\/div><\/div><\/div><br \/>\n<section  class='av_textblock_section av-lad4c0nj-683fe3befcbc9b3e970cdb7ccdda03b4 '   itemscope=\"itemscope\" itemtype=\"https:\/\/schema.org\/CreativeWork\" ><div class='avia_textblock'  itemprop=\"text\" ><p>Ficar do lado certo das leis de direitos autorais \u00e9 t\u00e3o f\u00e1cil quanto manter as licen\u00e7as atualizadas em seus computadores, como esta\u00e7\u00f5es de trabalho de usu\u00e1rios, servidores e m\u00e1quinas virtuais. A Ethos pode ajudar a navegar no complexo mundo do licenciamento para garantir que a conformidade seja um motivo de orgulho para sua empresa.<\/p>\n<div><\/div>\n<\/div><\/section><br \/>\n<div  class='avia-button-wrap av-lad4fwku-aecc342728b2f9aac6042228ca5d901b-wrap avia-button-left  avia-builder-el-23  el_after_av_textblock  avia-builder-el-last '><a href='https:\/\/www.ethosvirtual.com\/solutions\/software-licensing\/'  class='avia-button av-lad4fwku-aecc342728b2f9aac6042228ca5d901b av-link-btn avia-icon_select-no avia-size-small avia-position-left avia-color-theme-color'   aria-label=\"Saber mais\"><span class='avia_iconbox_title' >Saber mais<\/span><\/a><\/div><\/p><\/div><div  class='flex_column av-gdfsl-89ed67c469734f20588fec2deb4584bb av_one_fifth  avia-builder-el-24  el_after_av_one_fifth  avia-builder-el-last  flex_column_div  '     ><p>\n<style type=\"text\/css\" data-created_by=\"avia_inline_auto\" id=\"style-css-av-6u2ol-40948a48fd3bf8faeffcd5efc6b9f3b9\">\n.avia-image-container.av-6u2ol-40948a48fd3bf8faeffcd5efc6b9f3b9 img.avia_image{\nbox-shadow:none;\n}\n.avia-image-container.av-6u2ol-40948a48fd3bf8faeffcd5efc6b9f3b9 .av-image-caption-overlay-center{\ncolor:#ffffff;\n}\n<\/style>\n<div  class='avia-image-container av-6u2ol-40948a48fd3bf8faeffcd5efc6b9f3b9 av-styling- avia-align-center  avia-builder-el-25  el_before_av_heading  avia-builder-el-first '   itemprop=\"image\" itemscope=\"itemscope\" itemtype=\"https:\/\/schema.org\/ImageObject\" ><div class=\"avia-image-container-inner\"><div class=\"avia-image-overlay-wrap\"><img decoding=\"async\" fetchpriority=\"high\" class='wp-image-1735 avia-img-lazy-loading-not-1735 avia_image ' src=\"https:\/\/www.ethosvirtual.com\/wp-content\/uploads\/2022\/11\/Ethos-1500x1000-16-495x400.jpg\" alt='' title='Ethos-1500x1000-16'  height=\"400\" width=\"495\"  itemprop=\"thumbnailUrl\" srcset=\"https:\/\/www.ethosvirtual.com\/wp-content\/uploads\/2022\/11\/Ethos-1500x1000-16-495x400.jpg 495w, https:\/\/www.ethosvirtual.com\/wp-content\/uploads\/2022\/11\/Ethos-1500x1000-16-845x684.jpg 845w\" sizes=\"(max-width: 495px) 100vw, 495px\" \/><\/div><\/div><\/div><br \/>\n\n<style type=\"text\/css\" data-created_by=\"avia_inline_auto\" id=\"style-css-av-lad30ldp-31521aab9da42c3a2d6a24c08438fffb\">\n#top .av-special-heading.av-lad30ldp-31521aab9da42c3a2d6a24c08438fffb{\npadding-bottom:10px;\n}\nbody .av-special-heading.av-lad30ldp-31521aab9da42c3a2d6a24c08438fffb .av-special-heading-tag .heading-char{\nfont-size:25px;\n}\n.av-special-heading.av-lad30ldp-31521aab9da42c3a2d6a24c08438fffb .av-subheading{\nfont-size:15px;\n}\n<\/style>\n<div  class='av-special-heading av-lad30ldp-31521aab9da42c3a2d6a24c08438fffb av-special-heading-h3 blockquote modern-quote  avia-builder-el-26  el_after_av_image  el_before_av_textblock '><h3 class='av-special-heading-tag '  itemprop=\"headline\"  >Cursos de Treinamento<\/h3><div class='av-subheading av-subheading_below'><p>EDUCA\u00c7\u00c3O ONLINE \u00c0 DIST\u00c2NCIA E TREINAMENTO POR V\u00cdDEO<\/p>\n<\/div><div class=\"special-heading-border\"><div class=\"special-heading-inner-border\"><\/div><\/div><\/div><br \/>\n<section  class='av_textblock_section av-lad4fg7i-f4f539c6aec4818acfe247027c8f8cde '   itemscope=\"itemscope\" itemtype=\"https:\/\/schema.org\/CreativeWork\" ><div class='avia_textblock'  itemprop=\"text\" ><p>A videoteca virtual do Ethos abriga cursos de treinamento projetados para ajudar as empresas a serem mais eficientes com opera\u00e7\u00f5es e integra\u00e7\u00e3o.<\/p>\n<\/div><\/section><br \/>\n<div  class='avia-button-wrap av-lad4fqbz-251b7a382bd195395ec21b2bc063a772-wrap avia-button-left  avia-builder-el-28  el_after_av_textblock  avia-builder-el-last '><a href='https:\/\/www.ethosvirtual.com\/training\/'  class='avia-button av-lad4fqbz-251b7a382bd195395ec21b2bc063a772 av-link-btn avia-icon_select-no avia-size-small avia-position-left avia-color-theme-color'   aria-label=\"Saber mais\"><span class='avia_iconbox_title' >Saber mais<\/span><\/a><\/div><\/p><\/div><\/div><\/div><\/div><!-- close content main div --><\/div><\/div><div id='after_section_1'  class='main_color av_default_container_wrap container_wrap sidebar_right'  ><div class='container av-section-cont-open' ><div class='template-page content  av-content-small alpha units'><div class='post-entry post-entry-type-page post-entry-1844'><div class='entry-content-wrapper clearfix'>\n","protected":false},"excerpt":{"rendered":"","protected":false},"author":3,"featured_media":0,"parent":0,"menu_order":30,"comment_status":"closed","ping_status":"closed","template":"","meta":{"footnotes":""},"class_list":["post-1844","page","type-page","status-publish","hentry"],"_links":{"self":[{"href":"https:\/\/www.ethosvirtual.com\/pt-br\/wp-json\/wp\/v2\/pages\/1844","targetHints":{"allow":["GET"]}}],"collection":[{"href":"https:\/\/www.ethosvirtual.com\/pt-br\/wp-json\/wp\/v2\/pages"}],"about":[{"href":"https:\/\/www.ethosvirtual.com\/pt-br\/wp-json\/wp\/v2\/types\/page"}],"author":[{"embeddable":true,"href":"https:\/\/www.ethosvirtual.com\/pt-br\/wp-json\/wp\/v2\/users\/3"}],"replies":[{"embeddable":true,"href":"https:\/\/www.ethosvirtual.com\/pt-br\/wp-json\/wp\/v2\/comments?post=1844"}],"version-history":[{"count":1,"href":"https:\/\/www.ethosvirtual.com\/pt-br\/wp-json\/wp\/v2\/pages\/1844\/revisions"}],"predecessor-version":[{"id":1845,"href":"https:\/\/www.ethosvirtual.com\/pt-br\/wp-json\/wp\/v2\/pages\/1844\/revisions\/1845"}],"wp:attachment":[{"href":"https:\/\/www.ethosvirtual.com\/pt-br\/wp-json\/wp\/v2\/media?parent=1844"}],"curies":[{"name":"wp","href":"https:\/\/api.w.org\/{rel}","templated":true}]}}