{"id":1854,"date":"2022-07-17T16:19:22","date_gmt":"2022-07-17T23:19:22","guid":{"rendered":"https:\/\/32dd069598.nxcli.io\/servicos\/gerenciamento-de-ti\/"},"modified":"2024-06-20T06:38:34","modified_gmt":"2024-06-20T13:38:34","slug":"gerenciamento-de-ti","status":"publish","type":"page","link":"https:\/\/www.ethosvirtual.com\/pt-br\/servicos\/gerenciamento-de-ti\/","title":{"rendered":"Gerenciamento de TI"},"content":{"rendered":"<div id='layer_slider_1'  class='avia-layerslider main_color avia-shadow  avia-builder-el-0  el_before_av_section  avia-builder-el-first  container_wrap sidebar_right'  style='height: 101px;'  ><\/div>\n\n<style type=\"text\/css\" data-created_by=\"avia_inline_auto\" id=\"style-css-av-q3li3-f192ec3399ca26fa4b46c4a87df5d04a\">\n.avia-section.av-q3li3-f192ec3399ca26fa4b46c4a87df5d04a{\nbackground-repeat:no-repeat;\nbackground-image:url(https:\/\/www.ethosvirtual.com\/wp-content\/uploads\/2022\/07\/bg-E.png);\nbackground-position:0% 100%;\nbackground-attachment:scroll;\n}\n<\/style>\n<div id='av_section_1'  class='avia-section av-q3li3-f192ec3399ca26fa4b46c4a87df5d04a main_color avia-section-default avia-no-border-styling  avia-builder-el-1  el_after_av_layerslider  avia-builder-el-last  avia-bg-style-scroll container_wrap sidebar_right'  data-section-bg-repeat='no-repeat'><div class='container av-section-cont-open' ><div class='template-page content  av-content-small alpha units'><div class='post-entry post-entry-type-page post-entry-1854'><div class='entry-content-wrapper clearfix'>\n<div  class='flex_column av-k90hf-a780610c0fa1d25043f939e1d471424a av_one_fourth  avia-builder-el-2  el_before_av_three_fourth  avia-builder-el-first  first flex_column_div  '     ><div  class='avia-builder-widget-area clearfix  avia-builder-el-3  avia-builder-el-no-sibling '><div id=\"nav_menu-2\" class=\"widget clearfix widget_nav_menu\"><h3 class=\"widgettitle\">IT Services<\/h3><div class=\"menu-sidebar-it-services-container\"><ul id=\"menu-sidebar-it-services\" class=\"menu\"><li id=\"menu-item-906\" class=\"menu-item menu-item-type-post_type menu-item-object-page menu-item-906\"><a href=\"https:\/\/www.ethosvirtual.com\/it-infrastructure\/\">Infraestrutura de TI<\/a><\/li>\n<li id=\"menu-item-907\" class=\"menu-item menu-item-type-post_type menu-item-object-page menu-item-907\"><a href=\"https:\/\/www.ethosvirtual.com\/erp\/\">ERP<\/a><\/li>\n<li id=\"menu-item-908\" class=\"menu-item menu-item-type-post_type menu-item-object-page menu-item-908\"><a href=\"https:\/\/www.ethosvirtual.com\/services\/cyber-security\/\">Ciberseguran\u00e7a<\/a><\/li>\n<li id=\"menu-item-909\" class=\"menu-item menu-item-type-post_type menu-item-object-page menu-item-909\"><a href=\"https:\/\/www.ethosvirtual.com\/services\/business-intelligence\/\">Intelig\u00eancia Empresarial<\/a><\/li>\n<li id=\"menu-item-910\" class=\"menu-item menu-item-type-post_type menu-item-object-page menu-item-910\"><a href=\"https:\/\/www.ethosvirtual.com\/services\/it-management\/\">Gerenciamento de TI<\/a><\/li>\n<\/ul><\/div><\/div><\/div><\/div><div  class='flex_column av-7otxn-7a7d2abf96bfa5ed454d8bc9694dd7f1 av_three_fourth  avia-builder-el-4  el_after_av_one_fourth  avia-builder-el-last  flex_column_div  '     ><p>\n<style type=\"text\/css\" data-created_by=\"avia_inline_auto\" id=\"style-css-av-l6c5rp1b-674abeb5eda6cfd74bef609622354154\">\n#top .av-special-heading.av-l6c5rp1b-674abeb5eda6cfd74bef609622354154{\npadding-bottom:0;\n}\nbody .av-special-heading.av-l6c5rp1b-674abeb5eda6cfd74bef609622354154 .av-special-heading-tag .heading-char{\nfont-size:25px;\n}\n.av-special-heading.av-l6c5rp1b-674abeb5eda6cfd74bef609622354154 .av-subheading{\nfont-size:15px;\n}\n<\/style>\n<div  class='av-special-heading av-l6c5rp1b-674abeb5eda6cfd74bef609622354154 av-special-heading-h1 blockquote modern-quote  avia-builder-el-5  el_before_av_textblock  avia-builder-el-first '><h1 class='av-special-heading-tag '  itemprop=\"headline\"  >Gerenciamento de TI<\/h1><div class='av-subheading av-subheading_below'><p>Terceirize seu departamento de TI para obter experi\u00eancia e conhecimento sob demanda<\/p>\n<\/div><div class=\"special-heading-border\"><div class=\"special-heading-inner-border\"><\/div><\/div><\/div><br \/>\n<section  class='av_textblock_section av-l6c5x1p4-22aecdff6886a03a851967dab8a5d124 '   itemscope=\"itemscope\" itemtype=\"https:\/\/schema.org\/CreativeWork\" ><div class='avia_textblock'  itemprop=\"text\" ><div id=\"lipsum\">\n<p><strong>Estrat\u00e9gia Corporativa<\/strong> &#8211; Sem departamento de TI? A Ethos pode ajudar a avaliar e aconselhar as empresas sobre decis\u00f5es tecnol\u00f3gicas, bem como desenvolver estrat\u00e9gias completas de TI que funcionem com seus processos de neg\u00f3cios para melhorar a efici\u00eancia.<\/p>\n<p><strong>Controle de or\u00e7amento <\/strong> &#8211; \u00c9 f\u00e1cil gastar demais com todos os fornecedores de tecnologia que disputam seu neg\u00f3cio. Somos especialistas em gerenciar or\u00e7amentos corporativos de TI para que sua empresa possa realizar o trabalho sem custos desnecess\u00e1rios.<\/p>\n<p><strong>Mapeamento de fluxo de trabalho<\/strong> &#8211; Raramente os processos de neg\u00f3cios s\u00e3o simples&#8230; e quando chega a hora de ajustar seu neg\u00f3cio para extrair o m\u00e1ximo de seus recursos, o mapeamento de fluxo de trabalho pode ajudar a definir e resolver gargalos e inefici\u00eancias em seus processos tecnol\u00f3gicos.<\/p>\n<\/div>\n<\/div><\/section><\/p><\/div><\/div><\/div><\/div><!-- close content main div --><\/div><\/div><div id='after_section_1'  class='main_color av_default_container_wrap container_wrap sidebar_right'  ><div class='container av-section-cont-open' ><div class='template-page content  av-content-small alpha units'><div class='post-entry post-entry-type-page post-entry-1854'><div class='entry-content-wrapper clearfix'>\n","protected":false},"excerpt":{"rendered":"","protected":false},"author":3,"featured_media":0,"parent":1842,"menu_order":70,"comment_status":"closed","ping_status":"closed","template":"","meta":{"footnotes":""},"class_list":["post-1854","page","type-page","status-publish","hentry"],"_links":{"self":[{"href":"https:\/\/www.ethosvirtual.com\/pt-br\/wp-json\/wp\/v2\/pages\/1854","targetHints":{"allow":["GET"]}}],"collection":[{"href":"https:\/\/www.ethosvirtual.com\/pt-br\/wp-json\/wp\/v2\/pages"}],"about":[{"href":"https:\/\/www.ethosvirtual.com\/pt-br\/wp-json\/wp\/v2\/types\/page"}],"author":[{"embeddable":true,"href":"https:\/\/www.ethosvirtual.com\/pt-br\/wp-json\/wp\/v2\/users\/3"}],"replies":[{"embeddable":true,"href":"https:\/\/www.ethosvirtual.com\/pt-br\/wp-json\/wp\/v2\/comments?post=1854"}],"version-history":[{"count":1,"href":"https:\/\/www.ethosvirtual.com\/pt-br\/wp-json\/wp\/v2\/pages\/1854\/revisions"}],"predecessor-version":[{"id":1855,"href":"https:\/\/www.ethosvirtual.com\/pt-br\/wp-json\/wp\/v2\/pages\/1854\/revisions\/1855"}],"up":[{"embeddable":true,"href":"https:\/\/www.ethosvirtual.com\/pt-br\/wp-json\/wp\/v2\/pages\/1842"}],"wp:attachment":[{"href":"https:\/\/www.ethosvirtual.com\/pt-br\/wp-json\/wp\/v2\/media?parent=1854"}],"curies":[{"name":"wp","href":"https:\/\/api.w.org\/{rel}","templated":true}]}}